{"id":983,"date":"2021-07-22T09:36:01","date_gmt":"2021-07-22T02:36:01","guid":{"rendered":"https:\/\/asart.vn\/?page_id=983"},"modified":"2023-08-01T08:59:53","modified_gmt":"2023-08-01T01:59:53","slug":"join-us","status":"publish","type":"page","link":"https:\/\/asart.com.vn\/vi\/join-us\/","title":{"rendered":"Vi\u1ec7c L\u00e0m"},"content":{"rendered":"<div data-elementor-type=\"wp-page\" data-elementor-id=\"983\" class=\"elementor elementor-983\" data-elementor-post-type=\"page\">\n\t\t\t\t\t\t<section class=\"elementor-section elementor-top-section elementor-element elementor-element-7d78e5a6 elementor-section-height-min-height elementor-section-boxed elementor-section-height-default elementor-section-items-middle\" data-id=\"7d78e5a6\" data-element_type=\"section\" data-settings=\"{&quot;background_background&quot;:&quot;classic&quot;,&quot;shape_divider_bottom&quot;:&quot;mountains&quot;}\">\n\t\t\t\t\t\t\t<div class=\"elementor-background-overlay\"><\/div>\n\t\t\t\t\t\t<div class=\"elementor-shape elementor-shape-bottom\" data-negative=\"false\">\n\t\t\t<svg xmlns=\"http:\/\/www.w3.org\/2000\/svg\" viewbox=\"0 0 1000 100\" preserveaspectratio=\"none\">\n\t<path class=\"elementor-shape-fill\" opacity=\"0.33\" d=\"M473,67.3c-203.9,88.3-263.1-34-320.3,0C66,119.1,0,59.7,0,59.7V0h1000v59.7 c0,0-62.1,26.1-94.9,29.3c-32.8,3.3-62.8-12.3-75.8-22.1C806,49.6,745.3,8.7,694.9,4.7S492.4,59,473,67.3z\"\/>\n\t<path class=\"elementor-shape-fill\" opacity=\"0.66\" d=\"M734,67.3c-45.5,0-77.2-23.2-129.1-39.1c-28.6-8.7-150.3-10.1-254,39.1 s-91.7-34.4-149.2,0C115.7,118.3,0,39.8,0,39.8V0h1000v36.5c0,0-28.2-18.5-92.1-18.5C810.2,18.1,775.7,67.3,734,67.3z\"\/>\n\t<path class=\"elementor-shape-fill\" d=\"M766.1,28.9c-200-57.5-266,65.5-395.1,19.5C242,1.8,242,5.4,184.8,20.6C128,35.8,132.3,44.9,89.9,52.5C28.6,63.7,0,0,0,0 h1000c0,0-9.9,40.9-83.6,48.1S829.6,47,766.1,28.9z\"\/>\n<\/svg>\t\t<\/div>\n\t\t\t\t\t<div class=\"elementor-container elementor-column-gap-default\">\n\t\t\t\t\t<div class=\"elementor-column elementor-col-50 elementor-top-column elementor-element elementor-element-37a0c21f\" data-id=\"37a0c21f\" data-element_type=\"column\">\n\t\t\t<div class=\"elementor-widget-wrap elementor-element-populated\">\n\t\t\t\t\t\t<div class=\"elementor-element elementor-element-7713fd77 elementor-widget elementor-widget-heading\" data-id=\"7713fd77\" data-element_type=\"widget\" data-widget_type=\"heading.default\">\n\t\t\t\t<div class=\"elementor-widget-container\">\n\t\t\t<h4 class=\"elementor-heading-title elementor-size-default\">H\u01a0N C\u1ea2 M\u1ed8T S\u1ef0 NGHI\u1ec6P.<\/h4>\t\t<\/div>\n\t\t\t\t<\/div>\n\t\t\t\t<div class=\"elementor-element elementor-element-487f658 elementor-widget elementor-widget-heading\" data-id=\"487f658\" data-element_type=\"widget\" data-widget_type=\"heading.default\">\n\t\t\t\t<div class=\"elementor-widget-container\">\n\t\t\t<h1 class=\"elementor-heading-title elementor-size-default\">CH\u00daNG TA CH\u00cdNH L\u00c0 NH\u1eeeNG G\u00cc CH\u00daNG TA L\u00c0M.<\/h1>\t\t<\/div>\n\t\t\t\t<\/div>\n\t\t\t\t<div class=\"elementor-element elementor-element-7a4cc482 elementor-widget elementor-widget-text-editor\" data-id=\"7a4cc482\" data-element_type=\"widget\" data-widget_type=\"text-editor.default\">\n\t\t\t\t<div class=\"elementor-widget-container\">\n\t\t\t\t\t\t\t<p>Ch\u00fang t\u00f4i l\u1ef1a ch\u1ecdn nh\u1eefng \u1ee9ng vi\u00ean c\u00f3 t\u1ed1 ch\u1ea5t l\u00e3nh \u0111\u1ea1o c\u00f3 t\u1ea7m nh\u00ecn, t\u01b0 duy gi\u1ea3i quy\u1ebft v\u1ea5n \u0111\u1ec3, v\u00e0 l\u00e0m vi\u1ec7c nh\u00f3m t\u1ed1t v\u1edbi tr\u00ed tu\u1ec7, n\u0103ng l\u01b0\u1ee3ng, v\u00e0 s\u1ef1 ch\u00ednh tr\u1ef1c \u0111\u1ec3 tham gia v\u00e0 d\u1eabn d\u1eaft c\u00e1c d\u1ef1 \u00e1n, ho\u00e0n th\u00e0nh c\u00e1c giao d\u1ecbch, v\u00e0 t\u1ea1o ra nh\u1eefng h\u00ecnh m\u1eabu t\u1ed1t v\u1ec1 s\u1ef1 th\u00e0nh c\u00f4ng.<\/p>\t\t\t\t\t\t<\/div>\n\t\t\t\t<\/div>\n\t\t\t\t<div class=\"elementor-element elementor-element-4cecfe25 elementor-mobile-align-center elementor-widget elementor-widget-button\" data-id=\"4cecfe25\" data-element_type=\"widget\" data-widget_type=\"button.default\">\n\t\t\t\t<div class=\"elementor-widget-container\">\n\t\t\t\t\t<div class=\"elementor-button-wrapper\">\n\t\t\t<a class=\"elementor-button elementor-button-link elementor-size-xs\" href=\"mailto: careers@asart.com.vn\">\n\t\t\t\t\t\t<span class=\"elementor-button-content-wrapper\">\n\t\t\t\t\t\t\t\t\t<span class=\"elementor-button-text\">Email cho ch\u00fang t\u00f4i<\/span>\n\t\t\t\t\t<\/span>\n\t\t\t\t\t<\/a>\n\t\t<\/div>\n\t\t\t\t<\/div>\n\t\t\t\t<\/div>\n\t\t\t\t<div class=\"elementor-element elementor-element-b168f04 elementor-widget elementor-widget-spacer\" data-id=\"b168f04\" data-element_type=\"widget\" data-widget_type=\"spacer.default\">\n\t\t\t\t<div class=\"elementor-widget-container\">\n\t\t\t\t\t<div class=\"elementor-spacer\">\n\t\t\t<div class=\"elementor-spacer-inner\"><\/div>\n\t\t<\/div>\n\t\t\t\t<\/div>\n\t\t\t\t<\/div>\n\t\t\t\t\t<\/div>\n\t\t<\/div>\n\t\t\t\t<div class=\"elementor-column elementor-col-50 elementor-top-column elementor-element elementor-element-7660dd03\" data-id=\"7660dd03\" data-element_type=\"column\">\n\t\t\t<div class=\"elementor-widget-wrap\">\n\t\t\t\t\t\t\t<\/div>\n\t\t<\/div>\n\t\t\t\t\t<\/div>\n\t\t<\/section>\n\t\t\t\t<section class=\"elementor-section elementor-top-section elementor-element elementor-element-37e24e9f elementor-section-content-middle elementor-section-boxed elementor-section-height-default elementor-section-height-default\" data-id=\"37e24e9f\" data-element_type=\"section\">\n\t\t\t\t\t\t<div class=\"elementor-container elementor-column-gap-no\">\n\t\t\t\t\t<div class=\"elementor-column elementor-col-100 elementor-top-column elementor-element elementor-element-66de8fae\" data-id=\"66de8fae\" data-element_type=\"column\">\n\t\t\t<div class=\"elementor-widget-wrap elementor-element-populated\">\n\t\t\t\t\t\t<div class=\"elementor-element elementor-element-e8c80f7 elementor-widget elementor-widget-text-editor\" data-id=\"e8c80f7\" data-element_type=\"widget\" data-widget_type=\"text-editor.default\">\n\t\t\t\t<div class=\"elementor-widget-container\">\n\t\t\t\t\t\t\t<p>Ch\u00fang t\u00f4i l\u00e0m vi\u1ec7c b\u1eb1ng t\u1ea5t c\u1ea3 t\u00e2m huy\u1ebft v\u1edbi tinh th\u1ea7n c\u1edfi m\u1edf \u0111\u1ec3 gi\u1ea3i quy\u1ebft nh\u1eefng v\u1ea5n \u0111\u1ec1 kh\u00f3 kh\u0103n nh\u1ea5t \u0111\u1ed1i v\u1edbi c\u00e1c c\u00f4ng ty h\u00e0ng \u0111\u1ea7u t\u1ea1i Vi\u1ec7t Nam v\u00e0 tr\u00ean th\u1ebf gi\u1edbi. C\u00f4ng vi\u1ec7c c\u1ee7a ch\u00fang t\u00f4i \u0111\u01b0\u1ee3c ph\u00e1t tri\u1ec3n d\u1ef1a tr\u00ean th\u00e0nh qu\u1ea3 c\u1ee7a nhau v\u00e0 \u0111\u00f3ng g\u00f3p v\u00e0o th\u00e0nh c\u00f4ng chung v\u00ec ch\u00fang t\u00f4i hi\u1ec3u r\u1eb1ng \u0111\u1ec3 \u0111\u1ea1t k\u1ebft qu\u1ea3 v\u01b0\u1ee3t tr\u1ed9i th\u00ec \u0111\u00f4i khi c\u1ea7n nhi\u1ec1u h\u01a1n m\u1ed9t c\u00e1 nh\u00e2n, m\u1ed9t \u0111\u1ed9i nh\u00f3m, ho\u1eb7c \u0111\u00f4i khi l\u00e0 c\u1ea3 m\u1ed9t \u0111\u1eddi ng\u01b0\u1eddi.<\/p><p>Ch\u00fang t\u00f4i th\u01b0\u1eddng xuy\u00ean trao \u0111\u1ed5i v\u00e0 g\u1eb7p g\u1ee1 v\u1edbi c\u00e1c \u1ee9ng vi\u00ean ti\u1ec1m n\u0103ng trong n\u0103m v\u00e0 c\u00e1c c\u01a1 h\u1ed9i cho c\u00e1c v\u1ecb tr\u00ed th\u01b0\u1eddng \u0111\u01b0\u1ee3c \u0111\u0103ng tr\u1ef1c ti\u1ebfp tr\u00ean c\u00e1c trang x\u00e3 h\u1ed9i c\u1ee7a ch\u00fang t\u00f4i. N\u1ebfu b\u1ea1n tin r\u1eb1ng m\u00ecnh ph\u00f9 h\u1ee3p, \u0111\u1eebng ch\u1ea7n ch\u1edd m\u00e0 h\u00e3y g\u1eedi email cho ch\u00fang t\u00f4i theo \u0111\u1ecba ch\u1ec9 <a href=\"mailto:careers@asart.com.vn\"><strong>careers@asart.com.vn<\/strong><\/a>, ch\u00fang t\u00f4i r\u1ea5t vui khi nh\u1eadn \u0111\u01b0\u1ee3c h\u1ed3 s\u01a1 t\u1eeb b\u1ea1n.\u00a0<\/p><p>C\u01a1 h\u1ed9i cho c\u00e1c v\u1ecb tr\u00ed \u0111\u0103ng tuy\u1ec3n c\u00f3 th\u1ec3 \u0111\u01b0\u1ee3c t\u00ecm th\u1ea5y tr\u00ean\u00a0<a href=\"https:\/\/www.facebook.com\/ASARTDealAdvisory\/\" target=\"_blank\" rel=\"noopener\">Facebook<\/a> v\u00e0 <a href=\"https:\/\/www.linkedin.com\/company\/asart-deal-advisory-company-limited\/\" target=\"_blank\" rel=\"noopener\">LinkedIn<\/a> ch\u00ednh th\u1ee9c c\u1ee7a ch\u00fang t\u00f4i.<\/p>\t\t\t\t\t\t<\/div>\n\t\t\t\t<\/div>\n\t\t\t\t\t<\/div>\n\t\t<\/div>\n\t\t\t\t\t<\/div>\n\t\t<\/section>\n\t\t\t\t<\/div>","protected":false},"excerpt":{"rendered":"<p>IT IS MORE THAN JUST A CAREER. WE ARE WHAT WE DO. We select visionary leaders, problem solvers, and team players with intelligence, energy, and integrity to participate and lead projects, close deals, and set a good example of what is like to be genuinely successful. Email Us We work diligently with open minds to [&hellip;]<\/p>\n","protected":false},"author":1,"featured_media":0,"parent":0,"menu_order":0,"comment_status":"closed","ping_status":"closed","template":"elementor_header_footer","meta":{"footnotes":""},"class_list":["post-983","page","type-page","status-publish","hentry"],"_links":{"self":[{"href":"https:\/\/asart.com.vn\/vi\/wp-json\/wp\/v2\/pages\/983","targetHints":{"allow":["GET"]}}],"collection":[{"href":"https:\/\/asart.com.vn\/vi\/wp-json\/wp\/v2\/pages"}],"about":[{"href":"https:\/\/asart.com.vn\/vi\/wp-json\/wp\/v2\/types\/page"}],"author":[{"embeddable":true,"href":"https:\/\/asart.com.vn\/vi\/wp-json\/wp\/v2\/users\/1"}],"replies":[{"embeddable":true,"href":"https:\/\/asart.com.vn\/vi\/wp-json\/wp\/v2\/comments?post=983"}],"version-history":[{"count":360,"href":"https:\/\/asart.com.vn\/vi\/wp-json\/wp\/v2\/pages\/983\/revisions"}],"predecessor-version":[{"id":6832,"href":"https:\/\/asart.com.vn\/vi\/wp-json\/wp\/v2\/pages\/983\/revisions\/6832"}],"wp:attachment":[{"href":"https:\/\/asart.com.vn\/vi\/wp-json\/wp\/v2\/media?parent=983"}],"curies":[{"name":"wp","href":"https:\/\/api.w.org\/{rel}","templated":true}]}}