{"id":7537,"date":"2024-08-10T16:18:38","date_gmt":"2024-08-10T09:18:38","guid":{"rendered":"https:\/\/asart.com.vn\/?page_id=7537"},"modified":"2025-05-03T18:05:29","modified_gmt":"2025-05-03T11:05:29","slug":"disclaimer","status":"publish","type":"page","link":"https:\/\/asart.com.vn\/vi\/disclaimer\/","title":{"rendered":"Tuy\u00ean B\u1ed1 Mi\u1ec5n Tr\u1eeb Tr\u00e1ch Nhi\u1ec7m"},"content":{"rendered":"<div data-elementor-type=\"wp-page\" data-elementor-id=\"7537\" class=\"elementor elementor-7537\" data-elementor-post-type=\"page\">\n\t\t\t\t<div class=\"elementor-element elementor-element-4146350 e-flex e-con-boxed e-con e-parent\" data-id=\"4146350\" data-element_type=\"container\">\n\t\t\t\t\t<div class=\"e-con-inner\">\n\t\t\t\t<div class=\"elementor-element elementor-element-868717c elementor-widget elementor-widget-text-editor\" data-id=\"868717c\" data-element_type=\"widget\" data-widget_type=\"text-editor.default\">\n\t\t\t\t<div class=\"elementor-widget-container\">\n\t\t\t\t\t\t\t<p><span style=\"color: #0e6c7a;\"><strong>TUY\u00caN B\u1ed0 MI\u1ec4N TR\u1eea TR\u00c1CH NHI\u1ec6M<\/strong><\/span><\/p><p>N\u1ed9i dung \u0111\u01b0\u1ee3c tr\u00ecnh b\u00e0y tr\u00ean trang web n\u00e0y <strong>(\u201cN\u1ed9i dung Trang web\u201d)<\/strong> ch\u1ec9 nh\u1eb1m m\u1ee5c \u0111\u00edch cung c\u1ea5p th\u00f4ng tin.<\/p><p>N\u00f3 kh\u00f4ng nh\u1eb1m m\u1ee5c \u0111\u00edch \u0111\u01b0a ra l\u1eddi khuy\u00ean ho\u1eb7c khuy\u1ebfn ngh\u1ecb, c\u0169ng nh\u01b0 kh\u00f4ng nh\u1eb1m gi\u1ea3i quy\u1ebft c\u00e1c ho\u00e0n c\u1ea3nh c\u1ee5 th\u1ec3 c\u1ee7a b\u1ea5t k\u1ef3 c\u00e1 nh\u00e2n ho\u1eb7c t\u1ed5 ch\u1ee9c n\u00e0o. Kh\u00f4ng ai n\u00ean d\u1ef1a v\u00e0o ho\u1eb7c h\u00e0nh \u0111\u1ed9ng d\u1ef1a tr\u00ean N\u1ed9i dung Trang web c\u1ee7a ch\u00fang t\u00f4i m\u00e0 ch\u01b0a \u0111\u01b0\u1ee3c t\u01b0 v\u1ea5n chuy\u00ean nghi\u1ec7p ph\u00f9 h\u1ee3p.<\/p><p>ASART v\u00e0 nh\u00e2n vi\u00ean c\u1ee7a ch\u00fang t\u00f4i kh\u00f4ng ch\u1ecbu tr\u00e1ch nhi\u1ec7m v\u1ec1 N\u1ed9i dung Trang web ho\u1eb7c h\u1eadu qu\u1ea3 c\u1ee7a b\u1ea5t k\u1ef3 h\u00e0nh \u0111\u1ed9ng n\u00e0o \u0111\u01b0\u1ee3c th\u1ef1c hi\u1ec7n d\u1ef1a tr\u00ean quan \u0111i\u1ec3m v\u00e0 th\u00f4ng tin \u0111\u01b0\u1ee3c cung c\u1ea5p.<\/p><p>Khi N\u1ed9i dung Trang web ch\u1ee9a c\u00e1c tuy\u00ean b\u1ed1, \u01b0\u1edbc t\u00ednh v\u00e0 d\u1ef1 b\u00e1o li\u00ean quan \u0111\u1ebfn hi\u1ec7u su\u1ea5t t\u01b0\u01a1ng lai d\u1ef1 ki\u1ebfn c\u1ee7a Vi\u1ec7t Nam, th\u1ecb tr\u01b0\u1eddng, c\u00f4ng ty v\u00e0 c\u00e1c s\u1ed1 li\u1ec7u li\u00ean quan, c\u00e1c tuy\u00ean b\u1ed1, \u01b0\u1edbc t\u00ednh v\u00e0 d\u1ef1 b\u00e1o \u0111\u00f3 c\u00f3 th\u1ec3 \u0111\u00fang ho\u1eb7c kh\u00f4ng \u0111\u00fang. Kh\u00f4ng c\u00f3 b\u1ea5t k\u1ef3 s\u1ef1 \u0111\u1ea1i di\u1ec7n ho\u1eb7c \u0111\u1ea3m b\u1ea3o n\u00e0o v\u1ec1 t\u00ednh ch\u00ednh x\u00e1c ho\u1eb7c \u0111\u1ea7y \u0111\u1ee7 c\u1ee7a N\u1ed9i dung Trang web.<\/p><p>B\u1ea5t k\u1ef3 c\u00e1 nh\u00e2n ho\u1eb7c t\u1ed5 ch\u1ee9c n\u00e0o s\u1eed d\u1ee5ng N\u1ed9i dung Trang web \u0111\u1ec3 th\u1ea3o lu\u1eadn, \u0111\u01b0a ra quy\u1ebft \u0111\u1ecbnh ho\u1eb7c th\u1ef1c hi\u1ec7n b\u1ea5t k\u1ef3 h\u00e0nh \u0111\u1ed9ng n\u00e0o ph\u1ea3i t\u1ef1 m\u00ecnh x\u00e1c \u0111\u1ecbnh t\u1ea5t c\u1ea3 c\u00e1c v\u1ea5n \u0111\u1ec1 li\u00ean quan, bao g\u1ed3m t\u1ea5t c\u1ea3 th\u00f4ng tin v\u00e0 tuy\u00ean b\u1ed1 c\u00f3 trong N\u1ed9i dung Trang web, v\u00e0 ph\u1ea3i d\u1ef1a v\u00e0o c\u00e1c cu\u1ed9c \u0111i\u1ec1u tra, nghi\u00ean c\u1ee9u v\u00e0 \u0111\u00e1nh gi\u00e1 c\u1ee7a ri\u00eang h\u1ecd, kh\u00f4ng ph\u1ea3i d\u1ef1a v\u00e0o th\u00f4ng tin v\u00e0 tuy\u00ean b\u1ed1 c\u00f3 trong \u0111\u00e2y.<\/p><p>ASART v\u00e0 nh\u00e2n vi\u00ean c\u1ee7a ch\u00fang t\u00f4i kh\u00f4ng ch\u1ea5p nh\u1eadn b\u1ea5t k\u1ef3 tr\u00e1ch nhi\u1ec7m n\u00e0o \u0111\u1ed1i v\u1edbi b\u1ea5t k\u1ef3 th\u00f4ng tin n\u00e0o c\u00f3 trong \u0111\u00e2y v\u00e0 t\u1eeb ch\u1ed1i t\u1ea5t c\u1ea3 c\u00e1c tr\u00e1ch nhi\u1ec7m ph\u00e1p l\u00fd \u0111\u1ed1i v\u1edbi b\u1ea5t k\u1ef3 c\u00e1 nh\u00e2n, t\u1ed5 ch\u1ee9c ho\u1eb7c v\u1ea5n \u0111\u1ec1 n\u00e0o ph\u00e1t sinh t\u1eeb ho\u1eb7c li\u00ean quan \u0111\u1ebfn N\u1ed9i dung Trang web.<\/p>\t\t\t\t\t\t<\/div>\n\t\t\t\t<\/div>\n\t\t\t\t\t<\/div>\n\t\t\t\t<\/div>\n\t\t\t\t<\/div>","protected":false},"excerpt":{"rendered":"<p>DISCLAIMERS The content presented on this website (\u201cWebsite Content\u201d) is for informational purposes only. It is not intended to serve as advice or a recommendation, or to address the specific circumstances of any individual or entity. No one should rely on or act upon our Website Content without seeking appropriate professional advice. ASART and its [&hellip;]<\/p>\n","protected":false},"author":1,"featured_media":0,"parent":0,"menu_order":0,"comment_status":"closed","ping_status":"closed","template":"elementor_header_footer","meta":{"footnotes":""},"class_list":["post-7537","page","type-page","status-publish","hentry"],"_links":{"self":[{"href":"https:\/\/asart.com.vn\/vi\/wp-json\/wp\/v2\/pages\/7537","targetHints":{"allow":["GET"]}}],"collection":[{"href":"https:\/\/asart.com.vn\/vi\/wp-json\/wp\/v2\/pages"}],"about":[{"href":"https:\/\/asart.com.vn\/vi\/wp-json\/wp\/v2\/types\/page"}],"author":[{"embeddable":true,"href":"https:\/\/asart.com.vn\/vi\/wp-json\/wp\/v2\/users\/1"}],"replies":[{"embeddable":true,"href":"https:\/\/asart.com.vn\/vi\/wp-json\/wp\/v2\/comments?post=7537"}],"version-history":[{"count":37,"href":"https:\/\/asart.com.vn\/vi\/wp-json\/wp\/v2\/pages\/7537\/revisions"}],"predecessor-version":[{"id":12721,"href":"https:\/\/asart.com.vn\/vi\/wp-json\/wp\/v2\/pages\/7537\/revisions\/12721"}],"wp:attachment":[{"href":"https:\/\/asart.com.vn\/vi\/wp-json\/wp\/v2\/media?parent=7537"}],"curies":[{"name":"wp","href":"https:\/\/api.w.org\/{rel}","templated":true}]}}