{"id":463,"date":"2021-06-25T07:53:01","date_gmt":"2021-06-25T07:53:01","guid":{"rendered":"https:\/\/asart.vn\/?page_id=463"},"modified":"2023-03-30T09:28:21","modified_gmt":"2023-03-30T02:28:21","slug":"services","status":"publish","type":"page","link":"https:\/\/asart.com.vn\/vi\/services\/","title":{"rendered":"D\u1ecbch V\u1ee5"},"content":{"rendered":"<div data-elementor-type=\"wp-page\" data-elementor-id=\"463\" class=\"elementor elementor-463\" data-elementor-post-type=\"page\">\n\t\t\t\t\t\t<section class=\"elementor-section elementor-top-section elementor-element elementor-element-476c072a elementor-section-height-min-height elementor-section-boxed elementor-section-height-default elementor-section-items-middle\" data-id=\"476c072a\" data-element_type=\"section\" data-settings=\"{&quot;background_background&quot;:&quot;classic&quot;,&quot;shape_divider_bottom&quot;:&quot;mountains&quot;}\">\n\t\t\t\t\t\t\t<div class=\"elementor-background-overlay\"><\/div>\n\t\t\t\t\t\t<div class=\"elementor-shape elementor-shape-bottom\" data-negative=\"false\">\n\t\t\t<svg xmlns=\"http:\/\/www.w3.org\/2000\/svg\" viewbox=\"0 0 1000 100\" preserveaspectratio=\"none\">\n\t<path class=\"elementor-shape-fill\" opacity=\"0.33\" d=\"M473,67.3c-203.9,88.3-263.1-34-320.3,0C66,119.1,0,59.7,0,59.7V0h1000v59.7 c0,0-62.1,26.1-94.9,29.3c-32.8,3.3-62.8-12.3-75.8-22.1C806,49.6,745.3,8.7,694.9,4.7S492.4,59,473,67.3z\"\/>\n\t<path class=\"elementor-shape-fill\" opacity=\"0.66\" d=\"M734,67.3c-45.5,0-77.2-23.2-129.1-39.1c-28.6-8.7-150.3-10.1-254,39.1 s-91.7-34.4-149.2,0C115.7,118.3,0,39.8,0,39.8V0h1000v36.5c0,0-28.2-18.5-92.1-18.5C810.2,18.1,775.7,67.3,734,67.3z\"\/>\n\t<path class=\"elementor-shape-fill\" d=\"M766.1,28.9c-200-57.5-266,65.5-395.1,19.5C242,1.8,242,5.4,184.8,20.6C128,35.8,132.3,44.9,89.9,52.5C28.6,63.7,0,0,0,0 h1000c0,0-9.9,40.9-83.6,48.1S829.6,47,766.1,28.9z\"\/>\n<\/svg>\t\t<\/div>\n\t\t\t\t\t<div class=\"elementor-container elementor-column-gap-default\">\n\t\t\t\t\t<div class=\"elementor-column elementor-col-50 elementor-top-column elementor-element elementor-element-54902613\" data-id=\"54902613\" data-element_type=\"column\">\n\t\t\t<div class=\"elementor-widget-wrap elementor-element-populated\">\n\t\t\t\t\t\t<div class=\"elementor-element elementor-element-6b913629 elementor-widget elementor-widget-heading\" data-id=\"6b913629\" data-element_type=\"widget\" data-widget_type=\"heading.default\">\n\t\t\t\t<div class=\"elementor-widget-container\">\n\t\t\t<h4 class=\"elementor-heading-title elementor-size-default\">CH\u00daNG T\u00d4I T\u1ef0 H\u00c0O V\u1ec0 NH\u1eeeNG GI\u00c1 TR\u1eca M\u00c0 CH\u00daNG T\u00d4I T\u1ea0O RA.<\/h4>\t\t<\/div>\n\t\t\t\t<\/div>\n\t\t\t\t<div class=\"elementor-element elementor-element-6b0ec566 elementor-widget elementor-widget-heading\" data-id=\"6b0ec566\" data-element_type=\"widget\" data-widget_type=\"heading.default\">\n\t\t\t\t<div class=\"elementor-widget-container\">\n\t\t\t<h1 class=\"elementor-heading-title elementor-size-default\">CH\u00daNG T\u00d4I MANG \u0110\u1ebeN C\u00c2U TR\u1ea2 L\u1edcI V\u00c0 K\u1ebeT QU\u1ea2.<\/h1>\t\t<\/div>\n\t\t\t\t<\/div>\n\t\t\t\t<div class=\"elementor-element elementor-element-e73b86e elementor-widget elementor-widget-text-editor\" data-id=\"e73b86e\" data-element_type=\"widget\" data-widget_type=\"text-editor.default\">\n\t\t\t\t<div class=\"elementor-widget-container\">\n\t\t\t\t\t\t\tM\u1ed7i c\u00e1 nh\u00e2n l\u00e0 kh\u00e1c bi\u1ec7t, v\u00e0 doanh nghi\u1ec7p c\u1ee7a b\u1ea1n c\u0169ng th\u1ebf. Kh\u00f4ng c\u00f3 m\u1ed9t c\u00f4ng th\u1ee9c k\u1ef3 di\u1ec7u duy nh\u1ea5t n\u00e0o hay ph\u01b0\u01a1ng ph\u00e1p ti\u1ebfp c\u1eadn n\u00e0o c\u00f3 th\u1ec3 \u00e1p d\u1ee5ng chung cho m\u1ecdi tr\u01b0\u1eddng h\u1ee3p. Ch\u00fang t\u00f4i \u1edf \u0111\u00e2y \u0111\u1ec3 cung c\u1ea5p l\u1eddi khuy\u00ean v\u00e0 c\u00e1c d\u1ecbch v\u1ee5 \u0111\u01b0\u1ee3c may \u0111o cho b\u1ea1n, Vi\u1ec7t Nam, v\u00e0 Ch\u00e2u \u00c1.\t\t\t\t\t\t<\/div>\n\t\t\t\t<\/div>\n\t\t\t\t<div class=\"elementor-element elementor-element-c0cf048 elementor-mobile-align-center elementor-widget elementor-widget-button\" data-id=\"c0cf048\" data-element_type=\"widget\" data-widget_type=\"button.default\">\n\t\t\t\t<div class=\"elementor-widget-container\">\n\t\t\t\t\t<div class=\"elementor-button-wrapper\">\n\t\t\t<a class=\"elementor-button elementor-button-link elementor-size-xs\" href=\"#elementor-action%3Aaction%3Dpopup%3Aopen%26settings%3DeyJpZCI6IjU2MyIsInRvZ2dsZSI6ZmFsc2V9\">\n\t\t\t\t\t\t<span class=\"elementor-button-content-wrapper\">\n\t\t\t\t\t\t\t\t\t<span class=\"elementor-button-text\">H\u1eb9n v\u1edbi ch\u00fang t\u00f4i<\/span>\n\t\t\t\t\t<\/span>\n\t\t\t\t\t<\/a>\n\t\t<\/div>\n\t\t\t\t<\/div>\n\t\t\t\t<\/div>\n\t\t\t\t\t<\/div>\n\t\t<\/div>\n\t\t\t\t<div class=\"elementor-column elementor-col-50 elementor-top-column elementor-element elementor-element-6733de6d\" data-id=\"6733de6d\" data-element_type=\"column\">\n\t\t\t<div class=\"elementor-widget-wrap\">\n\t\t\t\t\t\t\t<\/div>\n\t\t<\/div>\n\t\t\t\t\t<\/div>\n\t\t<\/section>\n\t\t\t\t<section class=\"elementor-section elementor-top-section elementor-element elementor-element-37e24e9f elementor-section-content-middle elementor-section-boxed elementor-section-height-default elementor-section-height-default\" data-id=\"37e24e9f\" data-element_type=\"section\">\n\t\t\t\t\t\t<div class=\"elementor-container elementor-column-gap-no\">\n\t\t\t\t\t<div class=\"elementor-column elementor-col-100 elementor-top-column elementor-element elementor-element-66de8fae\" data-id=\"66de8fae\" data-element_type=\"column\">\n\t\t\t<div class=\"elementor-widget-wrap elementor-element-populated\">\n\t\t\t\t\t\t<div class=\"elementor-element elementor-element-72975d0 elementor-widget elementor-widget-text-editor\" data-id=\"72975d0\" data-element_type=\"widget\" data-widget_type=\"text-editor.default\">\n\t\t\t\t<div class=\"elementor-widget-container\">\n\t\t\t\t\t\t\t<p style=\"text-align: left;\">Th\u00e0nh t\u00edch n\u1ed5i tr\u1ed9i c\u00f9ng chuy\u00ean m\u00f4n v\u00e0 nhi\u1ec1u n\u0103m kinh nghi\u1ec7m gi\u00fap ch\u00fang t\u00f4i t\u1ef1 tin trong ph\u01b0\u01a1ng ph\u00e1p \u201cm\u1ed9t \u0111i\u1ec3m d\u1eebng duy nh\u1ea5t\u201d cho doanh nghi\u1ec7p, t\u1eeb vi\u1ec7c thi\u1ebft k\u1ebf c\u00e1c chi\u1ebfn l\u01b0\u1ee3c, \u0111\u1ebfn t\u1ed1i \u01b0u c\u01a1 c\u1ea5u giao d\u1ecbch, v\u00e0 \u0111\u1ea3m b\u1ea3o t\u0103ng tr\u01b0\u1edfng b\u1ec1n v\u1eefng lu\u00f4n \u0111\u1ea1t \u0111\u01b0\u1ee3c cho c\u00e1c b\u00ean li\u00ean quan.<\/p>\t\t\t\t\t\t<\/div>\n\t\t\t\t<\/div>\n\t\t\t\t<section class=\"elementor-section elementor-inner-section elementor-element elementor-element-2209d28f elementor-section-content-middle elementor-section-boxed elementor-section-height-default elementor-section-height-default\" data-id=\"2209d28f\" data-element_type=\"section\">\n\t\t\t\t\t\t<div class=\"elementor-container elementor-column-gap-no\">\n\t\t\t\t\t<div class=\"elementor-column elementor-col-50 elementor-inner-column elementor-element elementor-element-72c122f8\" data-id=\"72c122f8\" data-element_type=\"column\" data-settings=\"{&quot;background_background&quot;:&quot;classic&quot;}\">\n\t\t\t<div class=\"elementor-widget-wrap elementor-element-populated\">\n\t\t\t\t\t\t<div class=\"elementor-element elementor-element-41bda1e6 elementor-position-top elementor-widget elementor-widget-image-box\" data-id=\"41bda1e6\" data-element_type=\"widget\" data-widget_type=\"image-box.default\">\n\t\t\t\t<div class=\"elementor-widget-container\">\n\t\t\t<div class=\"elementor-image-box-wrapper\"><figure class=\"elementor-image-box-img\"><img decoding=\"async\" src=\"https:\/\/asart.vn\/wp-content\/uploads\/2021\/08\/a263183bd64a2014795b.jpg\" title=\"\" alt=\"\" class=\"elementor-animation-grow\" loading=\"lazy\" \/><\/figure><div class=\"elementor-image-box-content\"><h3 class=\"elementor-image-box-title\">MUA B\u00c1N &amp; S\u00c1P NH\u1eacP<\/h3><p class=\"elementor-image-box-description\">Cho d\u00f9 b\u1ea1n \u0111ang tham gia v\u00e0o qu\u00e1 tr\u00ecnh mua hay b\u00e1n, b\u1eb1ng b\u1ea5t k\u1ef3 c\u00e1ch ti\u1ebfp c\u1eadn n\u00e0o, th\u00ec mua b\u00e1n &amp; s\u00e1p nh\u1eadp (M&amp;A) l\u00e0 m\u1ed9t qu\u00e1 tr\u00ecnh ph\u1ee9c t\u1ea1p \u0111\u00f2i h\u1ecfi m\u1ed9t \u0111\u1ed9i ng\u0169 chuy\u00ean gia chuy\u00ean nghi\u1ec7p v\u1edbi nhi\u1ec1u ki\u1ebfn th\u1ee9c chuy\u00ean m\u00f4n, ngu\u1ed3n l\u1ef1c d\u1ed3i d\u00e0o, v\u00e0 s\u1ef1 chu\u1ea9n b\u1ecb chu \u0111\u00e1o \u0111\u1ec3 th\u00e0nh c\u00f4ng. Ch\u00fang t\u00f4i ch\u00ednh l\u00e0 \u0111\u1ed9i ng\u0169 chuy\u00ean gia \u0111\u00f3, th\u1ea5u hi\u1ec3u, v\u00e0 \u0111\u01b0\u1ee3c may \u0111o t\u1ec9 m\u1ec9 cho b\u1ea1n, Vi\u1ec7t Nam, v\u00e0 Ch\u00e2u \u00c1.<\/p><\/div><\/div>\t\t<\/div>\n\t\t\t\t<\/div>\n\t\t\t\t<div class=\"elementor-element elementor-element-440ad97b elementor-align-center elementor-widget elementor-widget-button\" data-id=\"440ad97b\" data-element_type=\"widget\" data-widget_type=\"button.default\">\n\t\t\t\t<div class=\"elementor-widget-container\">\n\t\t\t\t\t<div class=\"elementor-button-wrapper\">\n\t\t\t<a class=\"elementor-button elementor-button-link elementor-size-md\" href=\"\/vi\/mergers-and-acquisitions\/\">\n\t\t\t\t\t\t<span class=\"elementor-button-content-wrapper\">\n\t\t\t\t\t\t<span class=\"elementor-button-icon\">\n\t\t\t\t<i aria-hidden=\"true\" class=\"fas fa-arrow-circle-right\"><\/i>\t\t\t<\/span>\n\t\t\t\t\t\t\t\t\t<span class=\"elementor-button-text\">XEM TH\u00caM<\/span>\n\t\t\t\t\t<\/span>\n\t\t\t\t\t<\/a>\n\t\t<\/div>\n\t\t\t\t<\/div>\n\t\t\t\t<\/div>\n\t\t\t\t\t<\/div>\n\t\t<\/div>\n\t\t\t\t<div class=\"elementor-column elementor-col-50 elementor-inner-column elementor-element elementor-element-2cbf9b93\" data-id=\"2cbf9b93\" data-element_type=\"column\" data-settings=\"{&quot;background_background&quot;:&quot;classic&quot;}\">\n\t\t\t<div class=\"elementor-widget-wrap elementor-element-populated\">\n\t\t\t\t\t\t<div class=\"elementor-element elementor-element-472cb091 elementor-position-top elementor-widget elementor-widget-image-box\" data-id=\"472cb091\" data-element_type=\"widget\" data-widget_type=\"image-box.default\">\n\t\t\t\t<div class=\"elementor-widget-container\">\n\t\t\t<div class=\"elementor-image-box-wrapper\"><figure class=\"elementor-image-box-img\"><img decoding=\"async\" src=\"https:\/\/asart.vn\/wp-content\/uploads\/2021\/08\/d9cde31b2e6ad834817b.jpg\" title=\"\" alt=\"\" class=\"elementor-animation-grow\" loading=\"lazy\" \/><\/figure><div class=\"elementor-image-box-content\"><h3 class=\"elementor-image-box-title\">CHI\u1ebeN L\u01af\u1ee2C DOANH NGHI\u1ec6P<\/h3><p class=\"elementor-image-box-description\">M\u1ed7i t\u1ed5 ch\u1ee9c l\u00e0 duy nh\u1ea5t v\u00e0 kh\u00f4ng c\u00f3 m\u1ed9t chi\u1ebfn l\u01b0\u1ee3c n\u00e0o ph\u00f9 h\u1ee3p v\u1edbi t\u1ea5t c\u1ea3. Trong qu\u00e1 tr\u00ecnh thi\u1ebft k\u1ebf t\u1ed5 ch\u1ee9c doanh nghi\u1ec7p, t\u00e1i thi\u1ebft k\u1ebf c\u00e1c s\u1ea3n ph\u1ea9m v\u00e0 c\u00e1c d\u1ecbch v\u1ee5, gi\u1edbi thi\u1ec7u m\u1ed9t s\u1ea3n ph\u1ea9m ra th\u1ecb tr\u01b0\u1eddng, hay \u0111\u1ee9ng gi\u1eefa c\u00e1c l\u1ef1a ch\u1ecdn \u0111\u00e1nh \u0111\u1ed5i, b\u1ea1n s\u1ebd c\u1ea7n m\u1ed9t t\u01b0 v\u1ea5n \u0111\u1ed9c l\u1eadp \u0111\u00e1ng tin c\u1eady am hi\u1ec3u th\u1ecb tr\u01b0\u1eddng \u0111\u1ec3 gi\u00fap b\u1ea1n th\u00e0nh c\u00f4ng. Ch\u00fang t\u00f4i lu\u00f4n s\u00e1t c\u00e1nh c\u00f9ng b\u1ea1n trong t\u1eebng b\u01b0\u1edbc \u0111i \u0111\u1ec3 gi\u00fap b\u1ea1n lu\u00f4n d\u1eabn \u0111\u1ea7u trong l\u0129nh v\u1ef1c c\u1ee7a m\u00ecnh.\n<\/p><\/div><\/div>\t\t<\/div>\n\t\t\t\t<\/div>\n\t\t\t\t<div class=\"elementor-element elementor-element-5f6fe04 elementor-align-center elementor-widget elementor-widget-button\" data-id=\"5f6fe04\" data-element_type=\"widget\" data-widget_type=\"button.default\">\n\t\t\t\t<div class=\"elementor-widget-container\">\n\t\t\t\t\t<div class=\"elementor-button-wrapper\">\n\t\t\t<a class=\"elementor-button elementor-button-link elementor-size-sm\" href=\"\/vi\/corporate-strategy\/\">\n\t\t\t\t\t\t<span class=\"elementor-button-content-wrapper\">\n\t\t\t\t\t\t<span class=\"elementor-button-icon\">\n\t\t\t\t<i aria-hidden=\"true\" class=\"fas fa-arrow-circle-right\"><\/i>\t\t\t<\/span>\n\t\t\t\t\t\t\t\t\t<span class=\"elementor-button-text\">XEM TH\u00caM<\/span>\n\t\t\t\t\t<\/span>\n\t\t\t\t\t<\/a>\n\t\t<\/div>\n\t\t\t\t<\/div>\n\t\t\t\t<\/div>\n\t\t\t\t\t<\/div>\n\t\t<\/div>\n\t\t\t\t\t<\/div>\n\t\t<\/section>\n\t\t\t\t<section class=\"elementor-section elementor-inner-section elementor-element elementor-element-47afe2af elementor-section-content-middle elementor-section-boxed elementor-section-height-default elementor-section-height-default\" data-id=\"47afe2af\" data-element_type=\"section\">\n\t\t\t\t\t\t<div class=\"elementor-container elementor-column-gap-no\">\n\t\t\t\t\t<div class=\"elementor-column elementor-col-50 elementor-inner-column elementor-element elementor-element-7d6be1b7\" data-id=\"7d6be1b7\" data-element_type=\"column\" data-settings=\"{&quot;background_background&quot;:&quot;classic&quot;}\">\n\t\t\t<div class=\"elementor-widget-wrap elementor-element-populated\">\n\t\t\t\t\t\t<div class=\"elementor-element elementor-element-6db49aa7 elementor-position-top elementor-widget elementor-widget-image-box\" data-id=\"6db49aa7\" data-element_type=\"widget\" data-widget_type=\"image-box.default\">\n\t\t\t\t<div class=\"elementor-widget-container\">\n\t\t\t<div class=\"elementor-image-box-wrapper\"><figure class=\"elementor-image-box-img\"><img decoding=\"async\" src=\"https:\/\/asart.vn\/wp-content\/uploads\/2021\/08\/3e7a7cfdb18c47d21e9d.jpg\" title=\"\" alt=\"\" class=\"elementor-animation-grow\" loading=\"lazy\" \/><\/figure><div class=\"elementor-image-box-content\"><h3 class=\"elementor-image-box-title\">T\u00c0I CH\u00cdNH DOANH NGHI\u1ec6P<\/h3><p class=\"elementor-image-box-description\">C\u00e1ch b\u1ea1n huy \u0111\u1ed9ng v\u1ed1n v\u00e0 s\u1eed d\u1ee5ng ngu\u1ed3n v\u1ed1n m\u1ed9t c\u00e1ch hi\u1ec7u qu\u1ea3, \u0111\u1ec3 \u0111\u1ea1t \u0111\u01b0\u1ee3c gi\u00e1 tr\u1ecb t\u1ed1i \u0111a cho c\u1ed5 \u0111\u00f4ng, th\u00f4ng qua vi\u1ec7c l\u1eadp k\u1ebf ho\u1ea1ch t\u00e0i ch\u00ednh d\u00e0i h\u1ea1n v\u00e0 ng\u1eafn h\u1ea1n ch\u00ednh l\u00e0 x\u01b0\u01a1ng s\u1ed1ng c\u1ee7a m\u1ecdi t\u1ed5 ch\u1ee9c. Ch\u00fang t\u00f4i gi\u00fap b\u1ea1n qu\u1ea3n tr\u1ecb v\u00e0 theo d\u00f5i s\u00e1t sao c\u00e1c quy\u1ebft \u0111\u1ecbnh \u0111\u1ea7u t\u01b0 trong khi v\u1eabn \u0111\u1ea3m b\u1ea3o vi\u1ec7c t\u00ecnh h\u00ecnh t\u00e0i ch\u00ednh ng\u1eafn h\u1ea1n.\n<\/p><\/div><\/div>\t\t<\/div>\n\t\t\t\t<\/div>\n\t\t\t\t<div class=\"elementor-element elementor-element-72e940e elementor-align-center elementor-widget elementor-widget-button\" data-id=\"72e940e\" data-element_type=\"widget\" data-widget_type=\"button.default\">\n\t\t\t\t<div class=\"elementor-widget-container\">\n\t\t\t\t\t<div class=\"elementor-button-wrapper\">\n\t\t\t<a class=\"elementor-button elementor-button-link elementor-size-sm\" href=\"\/vi\/corporate-finance\/\">\n\t\t\t\t\t\t<span class=\"elementor-button-content-wrapper\">\n\t\t\t\t\t\t<span class=\"elementor-button-icon\">\n\t\t\t\t<i aria-hidden=\"true\" class=\"fas fa-arrow-circle-right\"><\/i>\t\t\t<\/span>\n\t\t\t\t\t\t\t\t\t<span class=\"elementor-button-text\">XEM TH\u00caM<\/span>\n\t\t\t\t\t<\/span>\n\t\t\t\t\t<\/a>\n\t\t<\/div>\n\t\t\t\t<\/div>\n\t\t\t\t<\/div>\n\t\t\t\t\t<\/div>\n\t\t<\/div>\n\t\t\t\t<div class=\"elementor-column elementor-col-50 elementor-inner-column elementor-element elementor-element-50836278\" data-id=\"50836278\" data-element_type=\"column\" data-settings=\"{&quot;background_background&quot;:&quot;classic&quot;}\">\n\t\t\t<div class=\"elementor-widget-wrap elementor-element-populated\">\n\t\t\t\t\t\t<div class=\"elementor-element elementor-element-33b24b48 elementor-position-top elementor-widget elementor-widget-image-box\" data-id=\"33b24b48\" data-element_type=\"widget\" data-widget_type=\"image-box.default\">\n\t\t\t\t<div class=\"elementor-widget-container\">\n\t\t\t<div class=\"elementor-image-box-wrapper\"><figure class=\"elementor-image-box-img\"><img decoding=\"async\" src=\"https:\/\/asart.vn\/wp-content\/uploads\/2021\/08\/c2a8d6941be5edbbb4f4.jpg\" title=\"\" alt=\"\" class=\"elementor-animation-grow\" loading=\"lazy\" \/><\/figure><div class=\"elementor-image-box-content\"><h3 class=\"elementor-image-box-title\">QU\u1ea2N L\u00dd T\u00c0I S\u1ea2N<\/h3><p class=\"elementor-image-box-description\">Ch\u00fang t\u00f4i k\u1ebft h\u1ee3p nhi\u1ec1u chuy\u00ean m\u00f4n t\u00e0i ch\u00ednh v\u00e0 chi\u1ebfn l\u01b0\u1ee3c \u0111a d\u1ea1ng \u0111\u1ec3 ph\u00e2n t\u00edch c\u00e1c l\u1ee3i \u00edch v\u00e0 r\u1ee7i ro, \u0111\u1ec3 may \u0111o m\u1ed9t k\u1ebf ho\u1ea1ch t\u1ed1i \u01b0u ph\u00f9 h\u1ee3p \u0111\u00e1p \u1ee9ng m\u1ecdi  mong mu\u1ed1n v\u00e0 nhu c\u1ea7u ph\u1ee9c t\u1ea1p c\u1ee7a b\u1ea1n. Ch\u00fang t\u00f4i kh\u00f4ng ch\u1ec9 d\u1eebng l\u1ea1i \u1edf c\u00e1c l\u1eddi khuy\u00ean  \u0111\u1ea7u t\u01b0, m\u00e0 c\u00f2n c\u00e2n nh\u1eafc t\u1ea5t c\u1ea3 c\u00e1c kh\u00eda c\u1ea1nh to\u00e0n di\u1ec7n kh\u00e1c trong cu\u1ed9c s\u1ed1ng c\u1ee7a b\u1ea1n \u0111\u1ec3 \u0111\u1ea3m b\u1ea3o di s\u1ea3n c\u1ee7a b\u1ea1n \u0111\u01b0\u1ee3c th\u1eadt s\u1ef1 b\u1ea3o t\u1ed3n v\u00e0 ph\u00e1t tri\u1ec3n.<\/p><\/div><\/div>\t\t<\/div>\n\t\t\t\t<\/div>\n\t\t\t\t<div class=\"elementor-element elementor-element-7242cd38 elementor-align-center elementor-widget elementor-widget-button\" data-id=\"7242cd38\" data-element_type=\"widget\" data-widget_type=\"button.default\">\n\t\t\t\t<div class=\"elementor-widget-container\">\n\t\t\t\t\t<div class=\"elementor-button-wrapper\">\n\t\t\t<a class=\"elementor-button elementor-button-link elementor-size-sm\" href=\"\/vi\/wealth-management\/\">\n\t\t\t\t\t\t<span class=\"elementor-button-content-wrapper\">\n\t\t\t\t\t\t<span class=\"elementor-button-icon\">\n\t\t\t\t<i aria-hidden=\"true\" class=\"fas fa-arrow-circle-right\"><\/i>\t\t\t<\/span>\n\t\t\t\t\t\t\t\t\t<span class=\"elementor-button-text\">XEM TH\u00caM<\/span>\n\t\t\t\t\t<\/span>\n\t\t\t\t\t<\/a>\n\t\t<\/div>\n\t\t\t\t<\/div>\n\t\t\t\t<\/div>\n\t\t\t\t\t<\/div>\n\t\t<\/div>\n\t\t\t\t\t<\/div>\n\t\t<\/section>\n\t\t\t\t\t<\/div>\n\t\t<\/div>\n\t\t\t\t\t<\/div>\n\t\t<\/section>\n\t\t\t\t<\/div>","protected":false},"excerpt":{"rendered":"<p>WE TAKE PRIDE IN THE VALUES WE PRODUCE. WE PROVIDE ANSWERS AND RESULTS. Everyone is different and so is your company. There is no one single magic formular or one-size approach that fits all. We are here to offer the advice and services that are carefully tailored for you, Vietnam, and Asia. Book A Meeting [&hellip;]<\/p>\n","protected":false},"author":1,"featured_media":0,"parent":0,"menu_order":0,"comment_status":"closed","ping_status":"closed","template":"elementor_header_footer","meta":{"footnotes":""},"class_list":["post-463","page","type-page","status-publish","hentry"],"_links":{"self":[{"href":"https:\/\/asart.com.vn\/vi\/wp-json\/wp\/v2\/pages\/463","targetHints":{"allow":["GET"]}}],"collection":[{"href":"https:\/\/asart.com.vn\/vi\/wp-json\/wp\/v2\/pages"}],"about":[{"href":"https:\/\/asart.com.vn\/vi\/wp-json\/wp\/v2\/types\/page"}],"author":[{"embeddable":true,"href":"https:\/\/asart.com.vn\/vi\/wp-json\/wp\/v2\/users\/1"}],"replies":[{"embeddable":true,"href":"https:\/\/asart.com.vn\/vi\/wp-json\/wp\/v2\/comments?post=463"}],"version-history":[{"count":255,"href":"https:\/\/asart.com.vn\/vi\/wp-json\/wp\/v2\/pages\/463\/revisions"}],"predecessor-version":[{"id":6055,"href":"https:\/\/asart.com.vn\/vi\/wp-json\/wp\/v2\/pages\/463\/revisions\/6055"}],"wp:attachment":[{"href":"https:\/\/asart.com.vn\/vi\/wp-json\/wp\/v2\/media?parent=463"}],"curies":[{"name":"wp","href":"https:\/\/api.w.org\/{rel}","templated":true}]}}