{"id":3846,"date":"2021-12-21T12:29:53","date_gmt":"2021-12-21T05:29:53","guid":{"rendered":"https:\/\/asart.com.vn\/?page_id=3846"},"modified":"2025-08-21T14:32:17","modified_gmt":"2025-08-21T07:32:17","slug":"about-us","status":"publish","type":"page","link":"https:\/\/asart.com.vn\/vi\/about-us\/","title":{"rendered":"V\u1ec1 Ch\u00fang T\u00f4i"},"content":{"rendered":"<div data-elementor-type=\"wp-page\" data-elementor-id=\"3846\" class=\"elementor elementor-3846\" data-elementor-post-type=\"page\">\n\t\t\t\t\t\t<section class=\"elementor-section elementor-top-section elementor-element elementor-element-337e8f76 elementor-section-height-min-height elementor-section-boxed elementor-section-height-default elementor-section-items-middle\" data-id=\"337e8f76\" data-element_type=\"section\" data-settings=\"{&quot;background_background&quot;:&quot;classic&quot;,&quot;shape_divider_bottom&quot;:&quot;mountains&quot;}\">\n\t\t\t\t\t\t\t<div class=\"elementor-background-overlay\"><\/div>\n\t\t\t\t\t\t<div class=\"elementor-shape elementor-shape-bottom\" data-negative=\"false\">\n\t\t\t<svg xmlns=\"http:\/\/www.w3.org\/2000\/svg\" viewbox=\"0 0 1000 100\" preserveaspectratio=\"none\">\n\t<path class=\"elementor-shape-fill\" opacity=\"0.33\" d=\"M473,67.3c-203.9,88.3-263.1-34-320.3,0C66,119.1,0,59.7,0,59.7V0h1000v59.7 c0,0-62.1,26.1-94.9,29.3c-32.8,3.3-62.8-12.3-75.8-22.1C806,49.6,745.3,8.7,694.9,4.7S492.4,59,473,67.3z\"\/>\n\t<path class=\"elementor-shape-fill\" opacity=\"0.66\" d=\"M734,67.3c-45.5,0-77.2-23.2-129.1-39.1c-28.6-8.7-150.3-10.1-254,39.1 s-91.7-34.4-149.2,0C115.7,118.3,0,39.8,0,39.8V0h1000v36.5c0,0-28.2-18.5-92.1-18.5C810.2,18.1,775.7,67.3,734,67.3z\"\/>\n\t<path class=\"elementor-shape-fill\" d=\"M766.1,28.9c-200-57.5-266,65.5-395.1,19.5C242,1.8,242,5.4,184.8,20.6C128,35.8,132.3,44.9,89.9,52.5C28.6,63.7,0,0,0,0 h1000c0,0-9.9,40.9-83.6,48.1S829.6,47,766.1,28.9z\"\/>\n<\/svg>\t\t<\/div>\n\t\t\t\t\t<div class=\"elementor-container elementor-column-gap-default\">\n\t\t\t\t\t<div class=\"elementor-column elementor-col-50 elementor-top-column elementor-element elementor-element-50edc09f\" data-id=\"50edc09f\" data-element_type=\"column\">\n\t\t\t<div class=\"elementor-widget-wrap elementor-element-populated\">\n\t\t\t\t\t\t<div class=\"elementor-element elementor-element-2b5f2512 elementor-widget elementor-widget-heading\" data-id=\"2b5f2512\" data-element_type=\"widget\" data-widget_type=\"heading.default\">\n\t\t\t\t<div class=\"elementor-widget-container\">\n\t\t\t<h4 class=\"elementor-heading-title elementor-size-default\">CH\u00daNG T\u00d4I PH\u1ee4C V\u1ee4 B\u1ea0N NH\u01af C\u00c1CH M\u00c0 CH\u00daNG T\u00d4I MU\u1ed0N \u0110\u01af\u1ee2C PH\u1ee4C V\u1ee4.<\/h4>\t\t<\/div>\n\t\t\t\t<\/div>\n\t\t\t\t<div class=\"elementor-element elementor-element-572ca01c elementor-widget elementor-widget-heading\" data-id=\"572ca01c\" data-element_type=\"widget\" data-widget_type=\"heading.default\">\n\t\t\t\t<div class=\"elementor-widget-container\">\n\t\t\t<h1 class=\"elementor-heading-title elementor-size-default\">CH\u00daNG T\u00d4I L\u00c0 NH\u00c0 T\u01af V\u1ea4N CHUY\u00caN BI\u1ec6T H\u00c0NG \u0110\u1ea6U VI\u1ec6T NAM.<\/h1>\t\t<\/div>\n\t\t\t\t<\/div>\n\t\t\t\t<div class=\"elementor-element elementor-element-4a53fcc4 elementor-widget elementor-widget-text-editor\" data-id=\"4a53fcc4\" data-element_type=\"widget\" data-widget_type=\"text-editor.default\">\n\t\t\t\t<div class=\"elementor-widget-container\">\n\t\t\t\t\t\t\t<p>Ch\u00fang t\u00f4i \u0111\u01b0\u1ee3c th\u00e0nh l\u1eadp \u0111\u1ec3 cung c\u1ea5p ki\u1ebfn th\u1ee9c chuy\u00ean s\u00e2u, kinh nghi\u1ec7m th\u1ef1c ti\u1ec5n, v\u00e0 hi\u1ec3u bi\u1ebft s\u00e2u s\u1eafc v\u1ec1 \u0111\u1ecba ph\u01b0\u01a1ng cho c\u00e1c c\u00e1c t\u1eadp \u0111o\u00e0n \u0111a qu\u1ed1c gia v\u00e0 c\u00f4ng ty h\u00e0ng \u0111\u1ea7u Vi\u1ec7t Nam mu\u1ed1n th\u00e0nh c\u00f4ng v\u00e0 ph\u00e1t tri\u1ec3n \u1edf Vi\u1ec7t Nam v\u00e0 Ch\u00e2u \u00c1.<\/p>\t\t\t\t\t\t<\/div>\n\t\t\t\t<\/div>\n\t\t\t\t<div class=\"elementor-element elementor-element-6fa03350 elementor-mobile-align-center elementor-widget elementor-widget-button\" data-id=\"6fa03350\" data-element_type=\"widget\" data-widget_type=\"button.default\">\n\t\t\t\t<div class=\"elementor-widget-container\">\n\t\t\t\t\t<div class=\"elementor-button-wrapper\">\n\t\t\t<a class=\"elementor-button elementor-button-link elementor-size-xs\" href=\"#elementor-action%3Aaction%3Dpopup%3Aopen%26settings%3DeyJpZCI6IjU2MyIsInRvZ2dsZSI6ZmFsc2V9\">\n\t\t\t\t\t\t<span class=\"elementor-button-content-wrapper\">\n\t\t\t\t\t\t\t\t\t<span class=\"elementor-button-text\">H\u1eb9n v\u1edbi ch\u00fang t\u00f4i<\/span>\n\t\t\t\t\t<\/span>\n\t\t\t\t\t<\/a>\n\t\t<\/div>\n\t\t\t\t<\/div>\n\t\t\t\t<\/div>\n\t\t\t\t\t<\/div>\n\t\t<\/div>\n\t\t\t\t<div class=\"elementor-column elementor-col-50 elementor-top-column elementor-element elementor-element-25ddedba\" data-id=\"25ddedba\" data-element_type=\"column\">\n\t\t\t<div class=\"elementor-widget-wrap\">\n\t\t\t\t\t\t\t<\/div>\n\t\t<\/div>\n\t\t\t\t\t<\/div>\n\t\t<\/section>\n\t\t\t\t<section class=\"elementor-section elementor-top-section elementor-element elementor-element-d233f05 elementor-section-boxed elementor-section-height-default elementor-section-height-default\" data-id=\"d233f05\" data-element_type=\"section\">\n\t\t\t\t\t\t<div class=\"elementor-container elementor-column-gap-default\">\n\t\t\t\t\t<div class=\"elementor-column elementor-col-100 elementor-top-column elementor-element elementor-element-d54884c\" data-id=\"d54884c\" data-element_type=\"column\">\n\t\t\t<div class=\"elementor-widget-wrap elementor-element-populated\">\n\t\t\t\t\t\t<div class=\"elementor-element elementor-element-206a624 elementor-widget elementor-widget-text-editor\" data-id=\"206a624\" data-element_type=\"widget\" data-widget_type=\"text-editor.default\">\n\t\t\t\t<div class=\"elementor-widget-container\">\n\t\t\t\t\t\t\t<p>Ch\u00fang t\u00f4i d\u1eabn \u0111\u1ea7u m\u1ed9t \u0111\u1ed9i ng\u0169 n\u0103ng \u0111\u1ed9ng g\u1ed3m h\u01a1n 20 th\u00e0nh vi\u00ean c\u00f9ng h\u01a1n 200 n\u0103m kinh nghi\u1ec7m t\u00edch l\u0169y, c\u00f9ng s\u1ef1 t\u1eadp trung kh\u00f4ng ng\u1eebng v\u00e0o mua b\u00e1n &amp; s\u00e1p nh\u1eadp (M&amp;A) v\u00e0 chi\u1ebfn l\u01b0\u1ee3c, v\u1edbi cam k\u1ebft ki\u00ean \u0111\u1ecbnh ph\u1ea3i lu\u00f4n l\u00e0 \u0111\u1ed9i ng\u0169 t\u1ed1t nh\u1ea5t \u0111\u1ec3 ph\u1ee5c v\u1ee5 b\u1ea1n nh\u01b0 c\u00e1ch m\u00e0 ch\u00fang t\u00f4i mu\u1ed1n \u0111\u01b0\u1ee3c ph\u1ee5c v\u1ee5. Ch\u00fang t\u00f4i \u0111ang v\u00e0 s\u1ebd ti\u1ebfp t\u1ee5c l\u00e0 \u0111\u01a1n v\u1ecb t\u01b0 v\u1ea5n chuy\u00ean bi\u1ec7t h\u00e0ng \u0111\u1ea7u \u0111\u1ec3 cung c\u1ea5p t\u1edbi kh\u00e1ch h\u00e0ng v\u00e0 nh\u00e0 \u0111\u1ea7u t\u01b0 nh\u1eefng t\u01b0 v\u1ea5n gi\u00e1 tr\u1ecb, ph\u00f9 h\u1ee3p, v\u00e0 tin c\u1eady nh\u1ea5t.<\/p>\t\t\t\t\t\t<\/div>\n\t\t\t\t<\/div>\n\t\t\t\t<div class=\"elementor-element elementor-element-1e89ed5 elementor-widget elementor-widget-spacer\" data-id=\"1e89ed5\" data-element_type=\"widget\" data-widget_type=\"spacer.default\">\n\t\t\t\t<div class=\"elementor-widget-container\">\n\t\t\t\t\t<div class=\"elementor-spacer\">\n\t\t\t<div class=\"elementor-spacer-inner\"><\/div>\n\t\t<\/div>\n\t\t\t\t<\/div>\n\t\t\t\t<\/div>\n\t\t\t\t\t<\/div>\n\t\t<\/div>\n\t\t\t\t\t<\/div>\n\t\t<\/section>\n\t\t\t\t<section class=\"elementor-section elementor-top-section elementor-element elementor-element-287118c elementor-section-boxed elementor-section-height-default elementor-section-height-default\" data-id=\"287118c\" data-element_type=\"section\">\n\t\t\t\t\t\t<div class=\"elementor-container elementor-column-gap-default\">\n\t\t\t\t\t<div class=\"elementor-column elementor-col-50 elementor-top-column elementor-element elementor-element-feda75d\" data-id=\"feda75d\" data-element_type=\"column\">\n\t\t\t<div class=\"elementor-widget-wrap elementor-element-populated\">\n\t\t\t\t\t\t<div class=\"elementor-element elementor-element-7a67135 elementor-widget elementor-widget-image\" data-id=\"7a67135\" data-element_type=\"widget\" data-widget_type=\"image.default\">\n\t\t\t\t<div class=\"elementor-widget-container\">\n\t\t\t\t\t\t\t\t\t\t\t\t\t<img fetchpriority=\"high\" decoding=\"async\" width=\"768\" height=\"768\" src=\"https:\/\/asart.com.vn\/wp-content\/uploads\/2025\/05\/Profile-BinhLe-Visual-768x768.png\" class=\"elementor-animation-grow attachment-medium_large size-medium_large wp-image-13132\" alt=\"\" srcset=\"https:\/\/asart.com.vn\/wp-content\/uploads\/2025\/05\/Profile-BinhLe-Visual-768x768.png 768w, https:\/\/asart.com.vn\/wp-content\/uploads\/2025\/05\/Profile-BinhLe-Visual-300x300.png 300w, https:\/\/asart.com.vn\/wp-content\/uploads\/2025\/05\/Profile-BinhLe-Visual-1024x1024.png 1024w, https:\/\/asart.com.vn\/wp-content\/uploads\/2025\/05\/Profile-BinhLe-Visual-150x150.png 150w, https:\/\/asart.com.vn\/wp-content\/uploads\/2025\/05\/Profile-BinhLe-Visual-1536x1536.png 1536w, https:\/\/asart.com.vn\/wp-content\/uploads\/2025\/05\/Profile-BinhLe-Visual-2048x2048.png 2048w, https:\/\/asart.com.vn\/wp-content\/uploads\/2025\/05\/Profile-BinhLe-Visual-12x12.png 12w\" sizes=\"(max-width: 768px) 100vw, 768px\" \/>\t\t\t\t\t\t\t\t\t\t\t\t\t<\/div>\n\t\t\t\t<\/div>\n\t\t\t\t\t<\/div>\n\t\t<\/div>\n\t\t\t\t<div class=\"elementor-column elementor-col-50 elementor-top-column elementor-element elementor-element-82cb0a0\" data-id=\"82cb0a0\" data-element_type=\"column\">\n\t\t\t<div class=\"elementor-widget-wrap elementor-element-populated\">\n\t\t\t\t\t\t<div class=\"elementor-element elementor-element-42c3377 elementor-widget elementor-widget-text-editor\" data-id=\"42c3377\" data-element_type=\"widget\" data-widget_type=\"text-editor.default\">\n\t\t\t\t<div class=\"elementor-widget-container\">\n\t\t\t\t\t\t\t<p style=\"text-align: left;\"><span style=\"text-align: left;\">B\u00ccNH L\u00ca VANDEKERCKOVE<\/span><\/p>\t\t\t\t\t\t<\/div>\n\t\t\t\t<\/div>\n\t\t\t\t<div class=\"elementor-element elementor-element-dbde1c3 elementor-widget elementor-widget-text-editor\" data-id=\"dbde1c3\" data-element_type=\"widget\" data-widget_type=\"text-editor.default\">\n\t\t\t\t<div class=\"elementor-widget-container\">\n\t\t\t\t\t\t\t<p style=\"text-align: left;\">Nh\u00e0 S\u00e1ng L\u1eadp &amp; T\u1ed5ng Gi\u00e1m \u0110\u1ed1c<\/p>\t\t\t\t\t\t<\/div>\n\t\t\t\t<\/div>\n\t\t\t\t<div class=\"elementor-element elementor-element-472249b elementor-widget elementor-widget-text-editor\" data-id=\"472249b\" data-element_type=\"widget\" data-widget_type=\"text-editor.default\">\n\t\t\t\t<div class=\"elementor-widget-container\">\n\t\t\t\t\t\t\t<p>B\u00e0 B\u00ecnh l\u00e0 chuy\u00ean gia \u0111\u01b0\u1ee3c \u0111\u00e1nh gi\u00e1 cao t\u1ea1i Vi\u1ec7t Nam v\u1ec1 n\u0103ng l\u1ef1c chuy\u00ean m\u00f4n v\u00e0 s\u1ef1 t\u1eadn t\u00e2m trong ng\u00e0nh. B\u00e0 d\u1eabn d\u1eaft c\u00e1c m\u1ea3ng t\u01b0 v\u1ea5n mua b\u00e1n v\u00e0 s\u00e1p nh\u1eadp (M&amp;A), t\u00e0i ch\u00ednh doanh nghi\u1ec7p, chi\u1ebfn l\u01b0\u1ee3c doanh nghi\u1ec7p v\u00e0 qu\u1ea3n l\u00fd t\u00e0i s\u1ea3n, \u0111\u1ed3ng th\u1eddi \u0111i\u1ec1u h\u00e0nh to\u00e0n b\u1ed9 c\u00e1c ho\u1ea1t \u0111\u1ed9ng c\u1ee7a C\u00f4ng Ty T\u01b0 V\u1ea5n Th\u01b0\u01a1ng V\u1ee5 ASART. B\u00ean c\u1ea1nh c\u00e1c vai tr\u00f2 chuy\u00ean m\u00f4n, b\u00e0 B\u00ecnh c\u00f2n \u0111\u00f3ng c\u00e1c vai tr\u00f2 c\u1ed1 v\u1ea5n t\u1ea1i Hi\u1ec7p H\u1ed9i Th\u01b0\u01a1ng M\u1ea1i Hoa K\u1ef3, bao g\u1ed3m \u1ee6y Ban Ph\u00e1t Tri\u1ec3n B\u1ec1n V\u1eefng, \u1ee6y Ban Th\u1ecb Tr\u01b0\u1eddng V\u1ed1n &amp; D\u1ecbch V\u1ee5 T\u00e0i Ch\u00ednh, v\u00e0 Ti\u1ec3u Ban T\u00e0i Ch\u00ednh B\u1ec1n V\u1eefng. B\u00e0 c\u0169ng l\u00e0 th\u00e0nh vi\u00ean c\u1ee7a Vi\u1ec7n Ch\u00ednh S\u00e1ch Vi\u1ec7t \u2013 \u00dac, Ban C\u1ed1 V\u1ea5n C\u1ef1u Sinh Vi\u00ean RMIT v\u00e0 M\u1ea1ng L\u01b0\u1edbi Doanh Nh\u00e2n C\u1ef1u sinh vi\u00ean \u00dac.<br \/><br \/>Trong kho\u1ea3ng 17 n\u0103m qua, b\u00e0 B\u00ecnh \u0111\u00e3 t\u01b0 v\u1ea5n cho nhi\u1ec1u doanh nh\u00e2n h\u00e0ng \u0111\u1ea7u, c\u1ed5 \u0111\u00f4ng ch\u1ee7 ch\u1ed1t, v\u00e0 l\u00e3nh \u0111\u1ea1o c\u1ea5p cao c\u1ee7a c\u00e1c c\u00f4ng ty Vi\u1ec7t Nam v\u00e0 c\u00e1c t\u1eadp \u0111o\u00e0n \u0111a qu\u1ed1c gia. B\u00e0 \u0111\u00e3 d\u1eabn d\u1eaft v\u00e0 th\u1ef1c hi\u1ec7n th\u00e0nh c\u00f4ng nhi\u1ec1u th\u01b0\u01a1ng v\u1ee5 mua b\u00e1n v\u00e0 s\u00e1p nh\u1eadp, g\u1ecdi v\u1ed1n, v\u00e0 c\u00e1c d\u1ef1 \u00e1n chi\u1ebfn l\u01b0\u1ee3c, \u0111\u1ea1t \u0111\u01b0\u1ee3c nhi\u1ec1u th\u00e0nh t\u00edch \u0111\u1ed9c \u0111\u00e1o v\u00e0 n\u1ed5i b\u1eadt trong c\u00e1c l\u0129nh v\u1ef1c n\u00e0y. B\u1ed9 k\u1ef9 n\u0103ng to\u00e0n di\u1ec7n c\u1ee7a b\u00e0 bao g\u1ed3m \u0111\u1ecbnh gi\u00e1, th\u1ea9m \u0111\u1ecbnh, hi\u1ec7u qu\u1ea3 th\u01b0\u01a1ng m\u1ea1i, qu\u1ea3n l\u00fd t\u00e0i ch\u00ednh, qu\u1ea3n l\u00fd v\u1eadn h\u00e0nh, k\u1ebf to\u00e1n, thu\u1ebf, ph\u00e1p l\u00fd, \u0111\u1ea1o \u0111\u1ee9c ngh\u1ec1 nghi\u1ec7p, gi\u1ea3i quy\u1ebft v\u1ea5n \u0111\u1ec1, \u0111\u00e0m ph\u00e1n chi\u1ebfn l\u01b0\u1ee3c, h\u00e0nh vi t\u1ed5 ch\u1ee9c, doanh nghi\u1ec7p gia \u0111\u00ecnh, quan h\u1ec7 ch\u00ednh ph\u1ee7, v\u1eadn \u0111\u1ed9ng ch\u00ednh s\u00e1ch v\u00e0 nghi\u00ean c\u1ee9u th\u1ecb tr\u01b0\u1eddng. C\u00f4ng tr\u00ecnh s\u1ef1 nghi\u1ec7p c\u1ee7a b\u00e0 t\u1eadp trung v\u00e0o vi\u1ec7c k\u1ebft h\u1ee3p gi\u1eefa x\u00e2y d\u1ef1ng gi\u00e1 tr\u1ecb gia t\u0103ng v\u00e0 ph\u00e1t tri\u1ec3n b\u1ec1n v\u1eefng t\u1ed1i \u01b0u h\u00f3a k\u1ebft qu\u1ea3.<br \/><br \/>B\u00e0 B\u00ecnh \u0111\u00e3 t\u01b0 v\u1ea5n cho h\u01a1n 250 c\u00f4ng ty, qua h\u01a1n 120 d\u1ef1 \u00e1n, t\u1ea1i h\u01a1n 15 qu\u1ed1c gia trong h\u01a1n 10 ng\u00e0nh ngh\u1ec1 kh\u00e1c nhau, v\u1edbi t\u1ed5ng gi\u00e1 tr\u1ecb giao d\u1ecbch h\u01a1n 4,5 t\u1ef7 \u0111\u00f4 la M\u1ef9. M\u1ed9t s\u1ed1 th\u01b0\u01a1ng v\u1ee5 ti\u00eau bi\u1ec3u \u0111\u00e3 \u0111\u01b0\u1ee3c c\u00f4ng b\u1ed1 m\u00e0 b\u00e0 t\u1eebng tham gia v\u00e0 \u0111\u00f3ng vai tr\u00f2 t\u01b0 v\u1ea5n bao g\u1ed3m CVC Capital Partners \u0111\u1ea7u t\u01b0 v\u00e0o T\u1eadp \u0110o\u00e0n Y T\u1ebf Ph\u01b0\u01a1ng Ch\u00e2u, SCG mua l\u1ea1i Bao B\u00ec T\u00edn Th\u00e0nh, Lafarge s\u00e1p nh\u1eadp b\u00ecnh \u0111\u1eb3ng v\u1edbi Holcim, Mega LifeSciences mua l\u1ea1i m\u1ed9t th\u01b0\u01a1ng hi\u1ec7u c\u1ee7a D\u01b0\u1ee3c H\u1eadu Giang, Purato \u0111\u1ea7u t\u01b0 v\u00e0o Grand Place Chocolate, Warburg Pincus \u0111\u1ea7u t\u01b0 v\u00e0o T\u1eadp \u0111o\u00e0n Vingroup (Vincom), Warburg Pincus mua l\u1ea1i danh m\u1ee5c b\u1ea5t \u0111\u1ed9ng s\u1ea3n t\u1eeb VinaCapital, g\u1ecdi v\u1ed1n cho T\u1eadp \u0111o\u00e0n Nam Long, v\u00e0 thanh l\u00fd danh m\u1ee5c \u0111\u1ea7u t\u01b0 c\u1ee7a qu\u1ef9 t\u01b0 nh\u00e2n \u0111\u1ea7u ti\u00ean v\u00e0 l\u1edbn nh\u1ea5t th\u1eddi b\u1ea5t gi\u1edd Indochina Capital.<br \/><br \/>B\u00e0 t\u1ed1t nghi\u1ec7p Th\u1ea1c s\u0129 Qu\u1ea3n Tr\u1ecb Kinh Doanh t\u1ea1i \u0110\u1ea1i h\u1ecdc Indiana (Hoa K\u1ef3), n\u01a1i b\u00e0 \u0111\u01b0\u1ee3c nh\u1eadn h\u1ecdc b\u1ed5ng to\u00e0n ph\u1ea7n v\u00e0 l\u00e0 Tr\u1ee3 Gi\u1ea3ng trong khoa Kinh Doanh. B\u00e0 c\u00f3 b\u1eb1ng C\u1eed nh\u00e2n Th\u01b0\u01a1ng M\u1ea1i h\u1ea1ng xu\u1ea5t s\u1eafc c\u1ee7a \u0110\u1ea1i h\u1ecdc RMIT (Vi\u1ec7t Nam). Tr\u01b0\u1edbc khi th\u00e0nh l\u1eadp ASART, b\u00e0 \u0111\u00e3 l\u00e0m vi\u1ec7c t\u1ea1i KPMG v\u00e0 Lafarge.<\/p>\t\t\t\t\t\t<\/div>\n\t\t\t\t<\/div>\n\t\t\t\t<div class=\"elementor-element elementor-element-f9e3c4c elementor-widget elementor-widget-spacer\" data-id=\"f9e3c4c\" data-element_type=\"widget\" data-widget_type=\"spacer.default\">\n\t\t\t\t<div class=\"elementor-widget-container\">\n\t\t\t\t\t<div class=\"elementor-spacer\">\n\t\t\t<div class=\"elementor-spacer-inner\"><\/div>\n\t\t<\/div>\n\t\t\t\t<\/div>\n\t\t\t\t<\/div>\n\t\t\t\t\t<\/div>\n\t\t<\/div>\n\t\t\t\t\t<\/div>\n\t\t<\/section>\n\t\t\t\t<section class=\"elementor-section elementor-top-section elementor-element elementor-element-3cc429a elementor-section-boxed elementor-section-height-default elementor-section-height-default\" data-id=\"3cc429a\" data-element_type=\"section\">\n\t\t\t\t\t\t<div class=\"elementor-container elementor-column-gap-default\">\n\t\t\t\t\t<div class=\"elementor-column elementor-col-100 elementor-top-column elementor-element elementor-element-cdb6f02\" data-id=\"cdb6f02\" data-element_type=\"column\">\n\t\t\t<div class=\"elementor-widget-wrap elementor-element-populated\">\n\t\t\t\t\t\t<div class=\"elementor-element elementor-element-7306cf0 elementor-widget elementor-widget-spacer\" data-id=\"7306cf0\" data-element_type=\"widget\" data-widget_type=\"spacer.default\">\n\t\t\t\t<div class=\"elementor-widget-container\">\n\t\t\t\t\t<div class=\"elementor-spacer\">\n\t\t\t<div class=\"elementor-spacer-inner\"><\/div>\n\t\t<\/div>\n\t\t\t\t<\/div>\n\t\t\t\t<\/div>\n\t\t\t\t\t<\/div>\n\t\t<\/div>\n\t\t\t\t\t<\/div>\n\t\t<\/section>\n\t\t\t\t<\/div>","protected":false},"excerpt":{"rendered":"<p>WE COMMIT TO SERVE YOU THE WAY WE WANT TO BE SERVED. WE ARE A LEADING BOUTIQUE ADVISOR IN VIETNAM. Our firm was found to deliver trusted world-class expertise, practical experience, and local insights to leading multinational corporations and Vietnamese companies who want to grow their global presence and succeed in Vietnam and Asia. Book [&hellip;]<\/p>\n","protected":false},"author":1,"featured_media":0,"parent":0,"menu_order":0,"comment_status":"closed","ping_status":"closed","template":"elementor_header_footer","meta":{"footnotes":""},"class_list":["post-3846","page","type-page","status-publish","hentry"],"_links":{"self":[{"href":"https:\/\/asart.com.vn\/vi\/wp-json\/wp\/v2\/pages\/3846","targetHints":{"allow":["GET"]}}],"collection":[{"href":"https:\/\/asart.com.vn\/vi\/wp-json\/wp\/v2\/pages"}],"about":[{"href":"https:\/\/asart.com.vn\/vi\/wp-json\/wp\/v2\/types\/page"}],"author":[{"embeddable":true,"href":"https:\/\/asart.com.vn\/vi\/wp-json\/wp\/v2\/users\/1"}],"replies":[{"embeddable":true,"href":"https:\/\/asart.com.vn\/vi\/wp-json\/wp\/v2\/comments?post=3846"}],"version-history":[{"count":263,"href":"https:\/\/asart.com.vn\/vi\/wp-json\/wp\/v2\/pages\/3846\/revisions"}],"predecessor-version":[{"id":14406,"href":"https:\/\/asart.com.vn\/vi\/wp-json\/wp\/v2\/pages\/3846\/revisions\/14406"}],"wp:attachment":[{"href":"https:\/\/asart.com.vn\/vi\/wp-json\/wp\/v2\/media?parent=3846"}],"curies":[{"name":"wp","href":"https:\/\/api.w.org\/{rel}","templated":true}]}}