{"id":3706,"date":"2021-11-17T09:48:13","date_gmt":"2021-11-17T02:48:13","guid":{"rendered":"https:\/\/asart.com.vn\/?page_id=3706"},"modified":"2025-09-19T18:33:45","modified_gmt":"2025-09-19T11:33:45","slug":"incubation-center","status":"publish","type":"page","link":"https:\/\/asart.com.vn\/vi\/incubation-center\/","title":{"rendered":"Trung T\u00e2m \u01af\u01a1m M\u1ea7m"},"content":{"rendered":"<div data-elementor-type=\"wp-page\" data-elementor-id=\"3706\" class=\"elementor elementor-3706\" data-elementor-post-type=\"page\">\n\t\t\t\t\t\t<section class=\"elementor-section elementor-top-section elementor-element elementor-element-7f9fb2bd elementor-section-height-min-height elementor-section-boxed elementor-section-height-default elementor-section-items-middle\" data-id=\"7f9fb2bd\" data-element_type=\"section\" data-settings=\"{&quot;background_background&quot;:&quot;classic&quot;,&quot;shape_divider_bottom&quot;:&quot;mountains&quot;}\">\n\t\t\t\t\t\t\t<div class=\"elementor-background-overlay\"><\/div>\n\t\t\t\t\t\t<div class=\"elementor-shape elementor-shape-bottom\" data-negative=\"false\">\n\t\t\t<svg xmlns=\"http:\/\/www.w3.org\/2000\/svg\" viewbox=\"0 0 1000 100\" preserveaspectratio=\"none\">\n\t<path class=\"elementor-shape-fill\" opacity=\"0.33\" d=\"M473,67.3c-203.9,88.3-263.1-34-320.3,0C66,119.1,0,59.7,0,59.7V0h1000v59.7 c0,0-62.1,26.1-94.9,29.3c-32.8,3.3-62.8-12.3-75.8-22.1C806,49.6,745.3,8.7,694.9,4.7S492.4,59,473,67.3z\"\/>\n\t<path class=\"elementor-shape-fill\" opacity=\"0.66\" d=\"M734,67.3c-45.5,0-77.2-23.2-129.1-39.1c-28.6-8.7-150.3-10.1-254,39.1 s-91.7-34.4-149.2,0C115.7,118.3,0,39.8,0,39.8V0h1000v36.5c0,0-28.2-18.5-92.1-18.5C810.2,18.1,775.7,67.3,734,67.3z\"\/>\n\t<path class=\"elementor-shape-fill\" d=\"M766.1,28.9c-200-57.5-266,65.5-395.1,19.5C242,1.8,242,5.4,184.8,20.6C128,35.8,132.3,44.9,89.9,52.5C28.6,63.7,0,0,0,0 h1000c0,0-9.9,40.9-83.6,48.1S829.6,47,766.1,28.9z\"\/>\n<\/svg>\t\t<\/div>\n\t\t\t\t\t<div class=\"elementor-container elementor-column-gap-default\">\n\t\t\t\t\t<div class=\"elementor-column elementor-col-50 elementor-top-column elementor-element elementor-element-2b7a6121\" data-id=\"2b7a6121\" data-element_type=\"column\">\n\t\t\t<div class=\"elementor-widget-wrap elementor-element-populated\">\n\t\t\t\t\t\t<div class=\"elementor-element elementor-element-21d0c519 elementor-widget elementor-widget-heading\" data-id=\"21d0c519\" data-element_type=\"widget\" data-widget_type=\"heading.default\">\n\t\t\t\t<div class=\"elementor-widget-container\">\n\t\t\t<h4 class=\"elementor-heading-title elementor-size-default\">C\u1ea6N C\u1ea2 M\u1ed8T NG\u00d4I L\u00c0NG \u0110\u1ec2 NU\u00d4I D\u1ea0Y M\u1ed8T \u0110\u1ee8A TR\u1eba. C\u1ea6N C\u1ea2 M\u1ed8T C\u1ed8NG \u0110\u1ed2NG \u0110\u1ec2 X\u00c2Y D\u1ef0NG M\u1ed8T DOANH NGHI\u1ec6P V\u0128 \u0110\u1ea0I. <\/h4>\t\t<\/div>\n\t\t\t\t<\/div>\n\t\t\t\t<div class=\"elementor-element elementor-element-72b72bd9 elementor-widget elementor-widget-heading\" data-id=\"72b72bd9\" data-element_type=\"widget\" data-widget_type=\"heading.default\">\n\t\t\t\t<div class=\"elementor-widget-container\">\n\t\t\t<h1 class=\"elementor-heading-title elementor-size-default\">C\u00d9NG NHAU, CH\u00daNG TA GI\u00daP C\u00c1C DOANH NGHI\u1ec6P \u0110\u1ed8T PH\u00c1 PH\u00c1T TRI\u1ec2N, T\u1eceA S\u00c1NG V\u00c0 KI\u1ebeN T\u1ea0O DI S\u1ea2N B\u1ec0N V\u1eeeNG.<\/h1>\t\t<\/div>\n\t\t\t\t<\/div>\n\t\t\t\t<div class=\"elementor-element elementor-element-62a010e8 elementor-widget elementor-widget-text-editor\" data-id=\"62a010e8\" data-element_type=\"widget\" data-widget_type=\"text-editor.default\">\n\t\t\t\t<div class=\"elementor-widget-container\">\n\t\t\t\t\t\t\t<p>Ch\u00fang t\u00f4i mong mu\u1ed1n \u0111\u00f3ng g\u00f3p tr\u1edf l\u1ea1i cho kh\u00e1ch h\u00e0ng, c\u1ed9ng \u0111\u1ed3ng v\u00e0 x\u00e3 h\u1ed9i. Trung T\u00e2m \u01af\u01a1m M\u1ea7m ASART l\u00e0 c\u00e1nh c\u1eeda \u0111\u1ed9c \u0111\u00e1o gi\u00fap b\u1ea1n \u0111\u1ea1t \u0111\u01b0\u1ee3c nhi\u1ec1u h\u01a1n v\u00e0 khai ph\u00e1 to\u00e0n b\u1ed9 ti\u1ec1m n\u0103ng c\u1ee7a doanh nghi\u1ec7p. Ch\u00fang t\u00f4i c\u1ed1 v\u1ea5n, h\u01b0\u1edbng d\u1eabn, cung c\u1ea5p v\u00e0 k\u1ebft n\u1ed1i b\u1ea1n v\u1edbi nh\u1eefng ngu\u1ed3n l\u1ef1c v\u00e0 n\u1ec1n t\u1ea3ng ph\u00f9 h\u1ee3p \u0111\u1ec3 bi\u1ebfn t\u1ea7m nh\u00ecn th\u00e0nh hi\u1ec7n th\u1ef1c.<\/p>\t\t\t\t\t\t<\/div>\n\t\t\t\t<\/div>\n\t\t\t\t<div class=\"elementor-element elementor-element-0e88544 elementor-widget elementor-widget-button\" data-id=\"0e88544\" data-element_type=\"widget\" data-widget_type=\"button.default\">\n\t\t\t\t<div class=\"elementor-widget-container\">\n\t\t\t\t\t<div class=\"elementor-button-wrapper\">\n\t\t\t<a class=\"elementor-button elementor-button-link elementor-size-sm\" href=\"https:\/\/forms.office.com\/r\/bbZtD2y315\" target=\"_blank\" rel=\"noopener\">\n\t\t\t\t\t\t<span class=\"elementor-button-content-wrapper\">\n\t\t\t\t\t\t\t\t\t<span class=\"elementor-button-text\">\u0110\u0103ng k\u00fd Tham gia<\/span>\n\t\t\t\t\t<\/span>\n\t\t\t\t\t<\/a>\n\t\t<\/div>\n\t\t\t\t<\/div>\n\t\t\t\t<\/div>\n\t\t\t\t\t<\/div>\n\t\t<\/div>\n\t\t\t\t<div class=\"elementor-column elementor-col-50 elementor-top-column elementor-element elementor-element-543b8bc\" data-id=\"543b8bc\" data-element_type=\"column\">\n\t\t\t<div class=\"elementor-widget-wrap\">\n\t\t\t\t\t\t\t<\/div>\n\t\t<\/div>\n\t\t\t\t\t<\/div>\n\t\t<\/section>\n\t\t\t\t<section class=\"elementor-section elementor-top-section elementor-element elementor-element-276553a elementor-section-boxed elementor-section-height-default elementor-section-height-default\" data-id=\"276553a\" data-element_type=\"section\">\n\t\t\t\t\t\t<div class=\"elementor-container elementor-column-gap-default\">\n\t\t\t\t\t<div class=\"elementor-column elementor-col-100 elementor-top-column elementor-element elementor-element-2c29408\" data-id=\"2c29408\" data-element_type=\"column\">\n\t\t\t<div class=\"elementor-widget-wrap elementor-element-populated\">\n\t\t\t\t\t\t<div class=\"elementor-element elementor-element-10089ef elementor-widget elementor-widget-text-editor\" data-id=\"10089ef\" data-element_type=\"widget\" data-widget_type=\"text-editor.default\">\n\t\t\t\t<div class=\"elementor-widget-container\">\n\t\t\t\t\t\t\t<p>B\u1ea1n bi\u1ebft doanh nghi\u1ec7p m\u00ecnh b\u1eaft \u0111\u1ea7u t\u1eeb \u0111\u00e2u, nh\u01b0ng \u0111\u1ec3 h\u00ecnh dung t\u01b0\u01a1ng lai v\u00e0 h\u00e0nh \u0111\u1ed9ng \u0111\u00fang \u0111\u1eafn \u0111\u00f2i h\u1ecfi s\u1ef1 k\u1ebft h\u1ee3p \u0111\u1eb7c bi\u1ec7t gi\u1eefa kinh nghi\u1ec7m, k\u1ef9 n\u0103ng v\u00e0 m\u1ed1i quan h\u1ec7, \u0111\u00e2y \u0111\u1ec1u l\u00e0 nh\u1eefng \u0111i\u1ec1u m\u00e0 c\u00e1c startup hi\u1ebfm khi c\u00f3 \u0111\u01b0\u1ee3c. Ngu\u1ed3n l\u1ef1c, n\u1ec1n t\u1ea3ng, chuy\u00ean m\u00f4n, kinh nghi\u1ec7m v\u00e0 n\u0103ng l\u1ef1c t\u00e0i ch\u00ednh v\u1eefng ch\u1eafc c\u1ee7a ch\u00fang t\u00f4i s\u1ebd mang \u0111\u1ebfn s\u1ef1 h\u1ed7 tr\u1ee3 v\u00f4 gi\u00e1, gi\u00fap b\u1ea1n kh\u00f4ng ch\u1ec9 kh\u1edfi \u0111\u1ea7u m\u1ea1nh m\u1ebd m\u00e0 c\u00f2n t\u1ea1o ra s\u1ef1 kh\u00e1c bi\u1ec7t.<\/p><p><strong><br \/><span style=\"text-decoration: underline;\">\u0110i\u1ec1u Ki\u1ec7n Tham Gia<\/span>:<\/strong><\/p><ul><li>Tr\u1ee5 s\u1edf ch\u00ednh \u0111\u0103ng k\u00fd t\u1ea1i Vi\u1ec7t Nam.<\/li><li>Nh\u00e0 s\u00e1ng l\u1eadp ch\u00ednh l\u00e0 ng\u01b0\u1eddi Vi\u1ec7t Nam, n\u1eafm gi\u1eef t\u1eeb 90% c\u1ed5 ph\u1ea7n tr\u1edf l\u00ean.<\/li><li>C\u00f3 l\u1ee3i th\u1ebf c\u1ea1nh tranh n\u1ed5i b\u1eadt.<\/li><li>Cung c\u1ea5p s\u1ea3n ph\u1ea9m v\u00e0\/ho\u1eb7c d\u1ecbch v\u1ee5 mang t\u00ednh \u0111\u1ed9t ph\u00e1 v\u00e0 t\u1ea1o \u1ea3nh h\u01b0\u1edfng t\u00edch c\u1ef1c.<\/li><li>Th\u1ec3 hi\u1ec7n b\u1ea3n s\u1eafc v\u0103n h\u00f3a c\u00f9ng gi\u00e1 tr\u1ecb doanh nghi\u1ec7p s\u00e2u s\u1eafc.<\/li><\/ul><p><strong><u><br \/>G\u00f3i H\u1ed7 Tr\u1ee3 \u01af\u01a1m M\u1ea7m<\/u>*:<\/strong><\/p><ul><li>Ch\u1ed7 l\u00e0m vi\u1ec7c linh ho\u1ea1t<\/li><li>Ph\u00f2ng h\u1ecdp<\/li><li>Bu\u1ed5i h\u1ecdp Capstone<\/li><li>T\u01b0 v\u1ea5n chuy\u00ean s\u00e2u<\/li><li>K\u1ebft n\u1ed1i v\u1edbi c\u00e1c \u0111\u1ed1i t\u00e1c uy t\u00edn<\/li><li>C\u01a1 h\u1ed9i ti\u1ebfp c\u1eadn v\u1ed1n v\u00e0 \u0111\u1ea7u t\u01b0 to\u00e0n c\u1ea7u<\/li><\/ul><p><em>* C\u1ea7n \u0111\u1eb7t tr\u01b0\u1edbc v\u00e0 t\u00f9y thu\u1ed9c v\u00e0o t\u00ecnh tr\u1ea1ng s\u1eb5n c\u00f3<\/em><\/p><p><strong><u><br \/>C\u00e1c L\u0129nh V\u1ef1c T\u01b0 V\u1ea5n<\/u><\/strong>:<\/p><p>Kh\u1edfi nghi\u1ec7p l\u00e0 h\u00e0nh tr\u00ecnh \u0111\u1ea7y th\u1eed th\u00e1ch, n\u01a1i b\u1ea1n lu\u00f4n ph\u1ea3i c\u00e2n b\u1eb1ng gi\u1eefa s\u1ed1ng c\u00f2n, t\u0103ng tr\u01b0\u1edfng v\u00e0 m\u1edf r\u1ed9ng. D\u01b0\u1edbi \u0111\u00e2y l\u00e0 danh s\u00e1ch c\u00e1c l\u0129nh v\u1ef1c ph\u1ed5 bi\u1ebfn m\u00e0 ch\u00fang t\u00f4i th\u1ea5y h\u1eefu \u00edch cho c\u00e1c nh\u00e0 s\u00e1ng l\u1eadp giai \u0111o\u1ea1n \u0111\u1ea7u v\u00e0 ch\u00fang t\u00f4i t\u1ef1 h\u00e0o \u0111\u01b0\u1ee3c h\u01b0\u1edbng d\u1eabn v\u00e0 hu\u1ea5n luy\u1ec7n:<\/p><p><strong>\ud83d\udd34 Nhu C\u1ea7u C\u1ea5p Thi\u1ebft &amp; T\u1ee9c Th\u1eddi<br \/><\/strong>Thi\u1ebft y\u1ebfu cho s\u1ef1 s\u1ed1ng c\u00f2n, huy \u0111\u1ed9ng v\u1ed1n v\u00e0 x\u00e2y d\u1ef1ng n\u1ec1n t\u1ea3ng:<strong><br \/><\/strong><\/p><ol><li><strong>Huy \u0111\u1ed9ng v\u1ed1n<\/strong> \u2013 Quan tr\u1ecdng cho d\u00f2ng ti\u1ec1n v\u00e0 m\u1edf r\u1ed9ng quy m\u00f4.<\/li><li><strong>Qu\u1ea3n l\u00fd t\u00e0i ch\u00ednh<\/strong> \u2013 C\u1ed1t l\u00f5i cho l\u1eadp ng\u00e2n s\u00e1ch, ki\u1ec3m so\u00e1t chi ph\u00ed v\u00e0 th\u1eddi gian ho\u1ea1t \u0111\u1ed9ng.<\/li><li><strong>Ghi ch\u00e9p s\u1ed5 s\u00e1ch &amp; K\u1ebf to\u00e1n<\/strong> \u2013 \u0110\u1ea3m b\u1ea3o tu\u00e2n th\u1ee7, t\u1ea1o ni\u1ec1m tin v\u1edbi nh\u00e0 \u0111\u1ea7u t\u01b0 v\u00e0 minh b\u1ea1ch t\u00e0i ch\u00ednh.<\/li><li><strong>Th\u00e2m nh\u1eadp th\u1ecb tr\u01b0\u1eddng<\/strong> \u2013 Quy\u1ebft \u0111\u1ecbnh kh\u1ea3 n\u0103ng ti\u1ebfp c\u1eadn ban \u0111\u1ea7u v\u00e0 s\u1ef1 ph\u00f9 h\u1ee3p v\u1edbi th\u1ecb tr\u01b0\u1eddng.<\/li><li><strong>Hi\u1ec7u qu\u1ea3 th\u01b0\u01a1ng m\u1ea1i<\/strong> \u2013 T\u0103ng doanh thu v\u00e0 thu h\u00fat kh\u00e1ch h\u00e0ng.<\/li><li><strong>Gi\u1ea3i quy\u1ebft v\u1ea5n \u0111\u1ec1<\/strong> \u2013 Nh\u1eefng th\u00e1ch th\u1ee9c h\u00e0ng ng\u00e0y c\u1ea7n gi\u1ea3i ph\u00e1p linh ho\u1ea1t v\u00e0 s\u00e1ng t\u1ea1o.<\/li><li><strong>Qu\u1ea3n l\u00fd v\u1eadn h\u00e0nh<\/strong> \u2013 \u0110\u1ea3m b\u1ea3o th\u1ef1c thi, giao h\u00e0ng v\u00e0 hi\u1ec7u qu\u1ea3 n\u1ed9i b\u1ed9.<\/li><\/ol><p><strong><br \/>\ud83d\udfe0 Nhu C\u1ea7u Quan Tr\u1ecdng Nh\u01b0ng \u00cdt C\u1ea5p B\u00e1ch H\u01a1n<br \/><\/strong>H\u1ed7 tr\u1ee3 t\u0103ng tr\u01b0\u1edfng, c\u1ea5u tr\u00fac v\u00e0 \u0111\u1ecbnh h\u01b0\u1edbng chi\u1ebfn l\u01b0\u1ee3c:<strong><br \/><\/strong><\/p><ol start=\"8\"><li><strong>\u0110\u1ecbnh gi\u00e1<\/strong> \u2013 Quan tr\u1ecdng cho huy \u0111\u1ed9ng v\u1ed1n v\u00e0 quy\u1ebft \u0111\u1ecbnh c\u1ed5 ph\u1ea7n.<\/li><li><strong>L\u1eadp k\u1ebf ho\u1ea1ch chi\u1ebfn l\u01b0\u1ee3c<\/strong> \u2013 C\u1ea7n thi\u1ebft \u0111\u1ec3 x\u00e1c \u0111\u1ecbnh h\u01b0\u1edbng \u0111i.<\/li><li><strong>Th\u1ea9m \u0111\u1ecbnh<\/strong> \u2013 Quan tr\u1ecdng cho ho\u1ea1t \u0111\u1ed9ng huy \u0111\u1ed9ng v\u1ed1n, h\u1ee3p t\u00e1c ho\u1eb7c M&amp;A.<\/li><li><strong>Nghi\u00ean c\u1ee9u th\u1ecb tr\u01b0\u1eddng<\/strong> \u2013 H\u1ed7 tr\u1ee3 ph\u00e1t tri\u1ec3n s\u1ea3n ph\u1ea9m v\u00e0 \u0111\u1ecbnh v\u1ecb.<\/li><li><strong>\u0110\u00e0m ph\u00e1n c\u1ea5p cao<\/strong> \u2013 Quan tr\u1ecdng trong h\u1ee3p t\u00e1c, tuy\u1ec3n d\u1ee5ng v\u00e0 quan h\u1ec7 nh\u00e0 \u0111\u1ea7u t\u01b0.<\/li><\/ol><p><strong><br \/>\ud83d\udfe1 Nhu C\u1ea7u D\u00e0i H\u1ea1n<br \/><\/strong>Ph\u00e1t sinh khi doanh nghi\u1ec7p tr\u01b0\u1edfng th\u00e0nh:<strong><br \/><\/strong><\/p><ol start=\"13\"><li><strong>H\u00e0nh vi t\u1ed5 ch\u1ee9c<\/strong> \u2013 Quan tr\u1ecdng cho v\u0103n h\u00f3a v\u00e0 ph\u00e1t tri\u1ec3n \u0111\u1ed9i ng\u0169.<\/li><li><strong>Qu\u1ea3n tr\u1ecb doanh nghi\u1ec7p gia \u0111\u00ecnh<\/strong> \u2013 Li\u00ean quan n\u1ebfu doanh nghi\u1ec7p do gia \u0111\u00ecnh \u0111i\u1ec1u h\u00e0nh ho\u1eb7c \u0111ang chuy\u1ec3n giao.<\/li><li><strong>Quan h\u1ec7 ch\u00ednh ph\u1ee7<\/strong> \u2013 T\u00f9y thu\u1ed9c v\u00e0o ng\u00e0nh; quan tr\u1ecdng h\u01a1n trong l\u0129nh v\u1ef1c b\u1ecb qu\u1ea3n l\u00fd.<\/li><li><strong>Ki\u1ec3m so\u00e1t ch\u1ea5t l\u01b0\u1ee3ng<\/strong> \u2013 Thi\u1ebft y\u1ebfu cho \u0111\u1ed9 tin c\u1eady c\u1ee7a s\u1ea3n ph\u1ea9m\/d\u1ecbch v\u1ee5.<\/li><li><strong>ESG<\/strong> \u2013 Quan tr\u1ecdng cho t\u0103ng tr\u01b0\u1edfng b\u1ec1n v\u1eefng.<\/li><li><strong>\u0110\u1ea1o \u0111\u1ee9c kinh doanh<\/strong> \u2013 N\u1ec1n t\u1ea3ng, nh\u01b0ng th\u01b0\u1eddng \u1ea9n ng\u1ea7m tr\u1eeb khi \u0111\u1ed1i m\u1eb7t v\u1edbi t\u00ecnh hu\u1ed1ng kh\u00f3 x\u1eed.<\/li><li><strong>V\u1eadn \u0111\u1ed9ng ch\u00ednh s\u00e1ch \u2013<\/strong> T\u0103ng \u0111\u1ed9 nh\u1eadn di\u1ec7n v\u00e0 \u1ea3nh h\u01b0\u1edfng, nh\u01b0ng kh\u00f4ng c\u1ea5p thi\u1ebft v\u1edbi h\u1ea7u h\u1ebft startup.<\/li><\/ol>\t\t\t\t\t\t<\/div>\n\t\t\t\t<\/div>\n\t\t\t\t\t<\/div>\n\t\t<\/div>\n\t\t\t\t\t<\/div>\n\t\t<\/section>\n\t\t<div class=\"elementor-element elementor-element-13d4c4a e-flex e-con-boxed e-con e-parent\" data-id=\"13d4c4a\" data-element_type=\"container\">\n\t\t\t\t\t<div class=\"e-con-inner\">\n\t\t\t\t\t<\/div>\n\t\t\t\t<\/div>\n\t\t\t\t<\/div>","protected":false},"excerpt":{"rendered":"<p>IT TAKES A VILLAGE TO RAISE A CHILD. IT TAKES A COMMUNITY TO BUILD A GREAT BUSINESS. TOGETHER, WE EMPOWER DISRUPTIVE BUSINESSES TO GROW, SHINE, AND CREATE A LASTING LEGACY. We are passionate about giving back to our clients, people, and society. ASART Incubation Center is your unique gateway to achieving more and unlocking your [&hellip;]<\/p>\n","protected":false},"author":1,"featured_media":0,"parent":0,"menu_order":0,"comment_status":"closed","ping_status":"closed","template":"elementor_header_footer","meta":{"footnotes":""},"class_list":["post-3706","page","type-page","status-publish","hentry"],"_links":{"self":[{"href":"https:\/\/asart.com.vn\/vi\/wp-json\/wp\/v2\/pages\/3706","targetHints":{"allow":["GET"]}}],"collection":[{"href":"https:\/\/asart.com.vn\/vi\/wp-json\/wp\/v2\/pages"}],"about":[{"href":"https:\/\/asart.com.vn\/vi\/wp-json\/wp\/v2\/types\/page"}],"author":[{"embeddable":true,"href":"https:\/\/asart.com.vn\/vi\/wp-json\/wp\/v2\/users\/1"}],"replies":[{"embeddable":true,"href":"https:\/\/asart.com.vn\/vi\/wp-json\/wp\/v2\/comments?post=3706"}],"version-history":[{"count":162,"href":"https:\/\/asart.com.vn\/vi\/wp-json\/wp\/v2\/pages\/3706\/revisions"}],"predecessor-version":[{"id":14488,"href":"https:\/\/asart.com.vn\/vi\/wp-json\/wp\/v2\/pages\/3706\/revisions\/14488"}],"wp:attachment":[{"href":"https:\/\/asart.com.vn\/vi\/wp-json\/wp\/v2\/media?parent=3706"}],"curies":[{"name":"wp","href":"https:\/\/api.w.org\/{rel}","templated":true}]}}