{"id":2055,"date":"2021-09-01T07:29:49","date_gmt":"2021-09-01T00:29:49","guid":{"rendered":"https:\/\/asart.vn\/?page_id=2055"},"modified":"2025-05-16T14:33:44","modified_gmt":"2025-05-16T07:33:44","slug":"wealth-management","status":"publish","type":"page","link":"https:\/\/asart.com.vn\/vi\/wealth-management\/","title":{"rendered":"Qu\u1ea3n L\u00fd T\u00e0i S\u1ea3n"},"content":{"rendered":"<div data-elementor-type=\"wp-page\" data-elementor-id=\"2055\" class=\"elementor elementor-2055\" data-elementor-post-type=\"page\">\n\t\t\t\t\t\t<section class=\"elementor-section elementor-top-section elementor-element elementor-element-7100a45 elementor-section-height-min-height elementor-section-boxed elementor-section-height-default elementor-section-items-middle\" data-id=\"7100a45\" data-element_type=\"section\" data-settings=\"{&quot;background_background&quot;:&quot;classic&quot;,&quot;shape_divider_bottom&quot;:&quot;mountains&quot;}\">\n\t\t\t\t\t\t\t<div class=\"elementor-background-overlay\"><\/div>\n\t\t\t\t\t\t<div class=\"elementor-shape elementor-shape-bottom\" data-negative=\"false\">\n\t\t\t<svg xmlns=\"http:\/\/www.w3.org\/2000\/svg\" viewbox=\"0 0 1000 100\" preserveaspectratio=\"none\">\n\t<path class=\"elementor-shape-fill\" opacity=\"0.33\" d=\"M473,67.3c-203.9,88.3-263.1-34-320.3,0C66,119.1,0,59.7,0,59.7V0h1000v59.7 c0,0-62.1,26.1-94.9,29.3c-32.8,3.3-62.8-12.3-75.8-22.1C806,49.6,745.3,8.7,694.9,4.7S492.4,59,473,67.3z\"\/>\n\t<path class=\"elementor-shape-fill\" opacity=\"0.66\" d=\"M734,67.3c-45.5,0-77.2-23.2-129.1-39.1c-28.6-8.7-150.3-10.1-254,39.1 s-91.7-34.4-149.2,0C115.7,118.3,0,39.8,0,39.8V0h1000v36.5c0,0-28.2-18.5-92.1-18.5C810.2,18.1,775.7,67.3,734,67.3z\"\/>\n\t<path class=\"elementor-shape-fill\" d=\"M766.1,28.9c-200-57.5-266,65.5-395.1,19.5C242,1.8,242,5.4,184.8,20.6C128,35.8,132.3,44.9,89.9,52.5C28.6,63.7,0,0,0,0 h1000c0,0-9.9,40.9-83.6,48.1S829.6,47,766.1,28.9z\"\/>\n<\/svg>\t\t<\/div>\n\t\t\t\t\t<div class=\"elementor-container elementor-column-gap-default\">\n\t\t\t\t\t<div class=\"elementor-column elementor-col-50 elementor-top-column elementor-element elementor-element-6d3bc3c5\" data-id=\"6d3bc3c5\" data-element_type=\"column\">\n\t\t\t<div class=\"elementor-widget-wrap elementor-element-populated\">\n\t\t\t\t\t\t<div class=\"elementor-element elementor-element-31a3bd96 elementor-widget elementor-widget-heading\" data-id=\"31a3bd96\" data-element_type=\"widget\" data-widget_type=\"heading.default\">\n\t\t\t\t<div class=\"elementor-widget-container\">\n\t\t\t<h4 class=\"elementor-heading-title elementor-size-default\">T\u00c0I S\u1ea2N \u0110\u1eb6C BI\u1ec6T C\u1ea6N C\u00c1CH TI\u1ebeP C\u1eacN TINH T\u1ebe.<\/h4>\t\t<\/div>\n\t\t\t\t<\/div>\n\t\t\t\t<div class=\"elementor-element elementor-element-ecda796 elementor-widget elementor-widget-heading\" data-id=\"ecda796\" data-element_type=\"widget\" data-widget_type=\"heading.default\">\n\t\t\t\t<div class=\"elementor-widget-container\">\n\t\t\t<h1 class=\"elementor-heading-title elementor-size-default\">CH\u00daNG T\u00d4I B\u1ea2O T\u1ed2N V\u00c0 PH\u00c1T HUY DI S\u1ea2N C\u1ee6A B\u1ea0N.<\/h1>\t\t<\/div>\n\t\t\t\t<\/div>\n\t\t\t\t<div class=\"elementor-element elementor-element-721645bc elementor-widget elementor-widget-text-editor\" data-id=\"721645bc\" data-element_type=\"widget\" data-widget_type=\"text-editor.default\">\n\t\t\t\t<div class=\"elementor-widget-container\">\n\t\t\t\t\t\t\tCh\u00fang t\u00f4i k\u1ebft h\u1ee3p \u0111a d\u1ea1ng c\u00e1c nguy\u00ean t\u1eafc t\u00e0i ch\u00ednh v\u00e0 chi\u1ebfn l\u01b0\u1ee3c \u0111\u1ec3 ph\u00e2n t\u00edch c\u00e1c l\u1ee3i \u00edch v\u00e0 r\u1ee7i ro, nh\u1eb1m may \u0111o m\u1ed9t k\u1ebf ho\u1ea1ch t\u1ed5ng th\u1ec3 ph\u00f9 h\u1ee3p \u0111\u01b0\u1ee3c t\u1ed1i \u01b0u h\u00f3a t\u1eeb s\u1ef1 k\u1ebft h\u1ee3p ph\u1ee9c t\u1ea1p gi\u1eefa mong mu\u1ed1n v\u00e0 y\u00eau c\u1ea7u c\u1ee7a b\u1ea1n. Ch\u00fang t\u00f4i kh\u00f4ng ch\u1ec9 d\u1eebng l\u1ea1i \u1edf vi\u1ec7c khuy\u1ebfn ngh\u1ecb \u0111\u1ea7u t\u01b0, m\u00e0 c\u00f2n  bao g\u1ed3m c\u00e1c kh\u00eda c\u1ea1nh to\u00e0n di\u1ec7n kh\u00e1c trong cu\u1ed9c s\u1ed1ng c\u1ee7a b\u1ea1n \u0111\u1ec3 \u0111\u1ea3m b\u1ea3o di s\u1ea3n c\u1ee7a b\u1ea1n \u0111\u01b0\u1ee3c th\u1eadt s\u1ef1 b\u1ea3o t\u1ed3n v\u00e0 ph\u00e1t huy t\u1ed1t.\u00a0\t\t\t\t\t\t<\/div>\n\t\t\t\t<\/div>\n\t\t\t\t<div class=\"elementor-element elementor-element-2dee3dbc elementor-mobile-align-center elementor-widget elementor-widget-button\" data-id=\"2dee3dbc\" data-element_type=\"widget\" data-widget_type=\"button.default\">\n\t\t\t\t<div class=\"elementor-widget-container\">\n\t\t\t\t\t<div class=\"elementor-button-wrapper\">\n\t\t\t<a class=\"elementor-button elementor-button-link elementor-size-xs\" href=\"#elementor-action%3Aaction%3Dpopup%3Aopen%26settings%3DeyJpZCI6IjU2MyIsInRvZ2dsZSI6ZmFsc2V9\">\n\t\t\t\t\t\t<span class=\"elementor-button-content-wrapper\">\n\t\t\t\t\t\t\t\t\t<span class=\"elementor-button-text\">H\u1eb9n v\u1edbi ch\u00fang t\u00f4i<\/span>\n\t\t\t\t\t<\/span>\n\t\t\t\t\t<\/a>\n\t\t<\/div>\n\t\t\t\t<\/div>\n\t\t\t\t<\/div>\n\t\t\t\t\t<\/div>\n\t\t<\/div>\n\t\t\t\t<div class=\"elementor-column elementor-col-50 elementor-top-column elementor-element elementor-element-1ae9e26e\" data-id=\"1ae9e26e\" data-element_type=\"column\">\n\t\t\t<div class=\"elementor-widget-wrap\">\n\t\t\t\t\t\t\t<\/div>\n\t\t<\/div>\n\t\t\t\t\t<\/div>\n\t\t<\/section>\n\t\t\t\t<section class=\"elementor-section elementor-top-section elementor-element elementor-element-f40e586 elementor-section-boxed elementor-section-height-default elementor-section-height-default\" data-id=\"f40e586\" data-element_type=\"section\">\n\t\t\t\t\t\t<div class=\"elementor-container elementor-column-gap-default\">\n\t\t\t\t\t<div class=\"elementor-column elementor-col-100 elementor-top-column elementor-element elementor-element-edc3d6a\" data-id=\"edc3d6a\" data-element_type=\"column\">\n\t\t\t<div class=\"elementor-widget-wrap elementor-element-populated\">\n\t\t\t\t\t\t<div class=\"elementor-element elementor-element-2c54a86 elementor-widget elementor-widget-text-editor\" data-id=\"2c54a86\" data-element_type=\"widget\" data-widget_type=\"text-editor.default\">\n\t\t\t\t<div class=\"elementor-widget-container\">\n\t\t\t\t\t\t\t<p>Kh\u00f4ng c\u00f3 m\u1ed9t c\u00f4ng th\u1ee9c th\u1ea7n k\u1ef3 n\u00e0o cho vi\u1ec7c ph\u00e2n b\u1ed5 v\u00e0 qu\u1ea3n l\u00fd t\u00e0i s\u1ea3n. Vi\u1ec7c ti\u1ebfp c\u1eadn v\u1edbi c\u00e1c c\u00e1 nh\u00e2n v\u00e0 gia \u0111\u00ecnh s\u1edf h\u1eefu nhi\u1ec1u t\u00e0i s\u1ea3n \u0111\u1eb7c bi\u1ec7t y\u00eau c\u1ea7u nh\u1eefng ph\u01b0\u01a1ng ph\u00e1p ti\u1ebfp c\u1eadn to\u00e0n di\u1ec7n v\u00e0 ph\u1ee9c t\u1ea1p m\u1edbi c\u00f3 th\u1ec3 \u0111em \u0111\u1ebfn gi\u00e1 tr\u1ecb th\u1eadt s\u1ef1 cho b\u1ea1n, trong \u0111\u00f3, m\u1ed9t c\u00e1 nh\u00e2n ho\u1eb7c \u0111\u1ed9i ng\u0169 chuy\u00ean gia s\u1ebd \u0111i\u1ec1u ph\u1ed1i t\u1ea5t c\u1ea3 c\u00e1c ho\u1ea1t \u0111\u1ed9ng t\u01b0 v\u1ea5n d\u1ef1a tr\u00ean nhi\u1ec1u chuy\u00ean m\u00f4n kh\u00e1c nhau \u0111\u1ec3 qu\u1ea3n l\u00fd nh\u1eefng kh\u1ed1i t\u00e0i s\u1ea3n n\u00e0y, t\u1eeb \u0111\u00f3 l\u1eadp n\u00ean c\u00e1c k\u1ebf ho\u1ea1ch t\u00e0i ch\u00ednh ph\u00f9 h\u1ee3p v\u1edbi nhu c\u1ea7u hi\u1ec7n t\u1ea1i v\u00e0 t\u01b0\u01a1ng lai c\u1ee7a b\u1ea1n v\u00e0 gia \u0111\u00ecnh b\u1ea1n.<\/p><p>C\u00e1c chuy\u00ean m\u00f4n c\u1ea7n thi\u1ebft v\u1ec1 t\u00e0i ch\u00ednh v\u00e0 chi\u1ebfn l\u01b0\u1ee3c cho vi\u1ec7c qu\u1ea3n l\u00fd t\u00e0i s\u1ea3n n\u00e0y bao g\u1ed3m tho\u00e1i v\u1ed1n, \u0111\u1ea7u t\u01b0, l\u1eadp k\u1ebf ho\u1ea1ch h\u01b0u tr\u00ed, l\u1eadp k\u1ebf ho\u1ea1ch b\u1ea5t \u0111\u1ed9ng s\u1ea3n, b\u1ea3o hi\u1ec3m, c\u00e1c d\u1ecbch v\u1ee5 ng\u00e2n h\u00e0ng, ho\u1ea1t \u0111\u1ed9ng t\u1eeb thi\u1ec7n, c\u00e1c d\u1ecbch v\u1ee5 k\u1ebf to\u00e1n, thu\u1ebf, v\u00e0 ph\u00e1p l\u00fd.<\/p><p>C\u00e1c c\u00e1 nh\u00e2n v\u00e0 gia \u0111\u00ecnh s\u1edf h\u1eefu t\u00e0i s\u1ea3n \u0111\u1eb7c bi\u1ec7t \u0111\u1ebfn v\u1edbi ch\u00fang t\u00f4i \u0111\u1ec3 \u0111\u01b0\u1ee3c t\u01b0 v\u1ea5n v\u1ec1 c\u01a1 c\u1ea5u v\u00e0 l\u1eadp k\u1ebf ho\u1ea1ch cho doanh nghi\u1ec7p gia \u0111\u00ecnh, tho\u00e1i v\u1ed1n, \u0111\u1ea7u t\u01b0, k\u1ebf ho\u1ea1ch h\u01b0u tr\u00ed v\u00e0 k\u1ebf nhi\u1ec7m, k\u1ebf ho\u1ea1ch v\u1ec1 b\u1ea5t \u0111\u1ed9ng s\u1ea3n, qu\u1ea3n l\u00fd t\u00e0i s\u1ea3n, v\u00e0 c\u00e1c d\u1ecbch v\u1ee5 qu\u1ea3n l\u00fd th\u01b0\u1eddng xuy\u00ean.<\/p><p>Xem n\u0103ng l\u1ef1c v\u00e0 kinh nghi\u1ec7m c\u1ee7a ch\u00fang t\u00f4i t\u1ea1i <a href=\"https:\/\/asart.com.vn\/vi\/capability\/\"><span style=\"text-decoration: underline;\"><strong>\u0111\u00e2y<\/strong><\/span><\/a>.<\/p>\t\t\t\t\t\t<\/div>\n\t\t\t\t<\/div>\n\t\t\t\t\t<\/div>\n\t\t<\/div>\n\t\t\t\t\t<\/div>\n\t\t<\/section>\n\t\t\t\t<\/div>","protected":false},"excerpt":{"rendered":"<p>EXTRAORDINARY WEALTH NEEDS SOPHISTICATED APPROACH. WE PRESERVE AND ENHANCE YOUR LEGACY. We combine a wide range of financial and strategic disciplines available in the market to analyze benefits and risks to tailor optimal master plan that matches your complex mix of need and wish. We go further than just investment advice but encompass all part [&hellip;]<\/p>\n","protected":false},"author":1,"featured_media":0,"parent":0,"menu_order":0,"comment_status":"closed","ping_status":"closed","template":"elementor_header_footer","meta":{"footnotes":""},"class_list":["post-2055","page","type-page","status-publish","hentry"],"_links":{"self":[{"href":"https:\/\/asart.com.vn\/vi\/wp-json\/wp\/v2\/pages\/2055","targetHints":{"allow":["GET"]}}],"collection":[{"href":"https:\/\/asart.com.vn\/vi\/wp-json\/wp\/v2\/pages"}],"about":[{"href":"https:\/\/asart.com.vn\/vi\/wp-json\/wp\/v2\/types\/page"}],"author":[{"embeddable":true,"href":"https:\/\/asart.com.vn\/vi\/wp-json\/wp\/v2\/users\/1"}],"replies":[{"embeddable":true,"href":"https:\/\/asart.com.vn\/vi\/wp-json\/wp\/v2\/comments?post=2055"}],"version-history":[{"count":105,"href":"https:\/\/asart.com.vn\/vi\/wp-json\/wp\/v2\/pages\/2055\/revisions"}],"predecessor-version":[{"id":13098,"href":"https:\/\/asart.com.vn\/vi\/wp-json\/wp\/v2\/pages\/2055\/revisions\/13098"}],"wp:attachment":[{"href":"https:\/\/asart.com.vn\/vi\/wp-json\/wp\/v2\/media?parent=2055"}],"curies":[{"name":"wp","href":"https:\/\/api.w.org\/{rel}","templated":true}]}}