{"id":2050,"date":"2021-09-01T07:28:38","date_gmt":"2021-09-01T00:28:38","guid":{"rendered":"https:\/\/asart.vn\/?page_id=2050"},"modified":"2021-12-15T12:59:39","modified_gmt":"2021-12-15T05:59:39","slug":"corporate-strategy","status":"publish","type":"page","link":"https:\/\/asart.com.vn\/vi\/corporate-strategy\/","title":{"rendered":"Chi\u1ebfn L\u01b0\u1ee3c Doanh Nghi\u1ec7p"},"content":{"rendered":"<div data-elementor-type=\"wp-page\" data-elementor-id=\"2050\" class=\"elementor elementor-2050\" data-elementor-post-type=\"page\">\n\t\t\t\t\t\t<section class=\"elementor-section elementor-top-section elementor-element elementor-element-4ac96bca elementor-section-height-min-height elementor-section-boxed elementor-section-height-default elementor-section-items-middle\" data-id=\"4ac96bca\" data-element_type=\"section\" data-settings=\"{&quot;background_background&quot;:&quot;classic&quot;,&quot;shape_divider_bottom&quot;:&quot;mountains&quot;}\">\n\t\t\t\t\t\t\t<div class=\"elementor-background-overlay\"><\/div>\n\t\t\t\t\t\t<div class=\"elementor-shape elementor-shape-bottom\" data-negative=\"false\">\n\t\t\t<svg xmlns=\"http:\/\/www.w3.org\/2000\/svg\" viewbox=\"0 0 1000 100\" preserveaspectratio=\"none\">\n\t<path class=\"elementor-shape-fill\" opacity=\"0.33\" d=\"M473,67.3c-203.9,88.3-263.1-34-320.3,0C66,119.1,0,59.7,0,59.7V0h1000v59.7 c0,0-62.1,26.1-94.9,29.3c-32.8,3.3-62.8-12.3-75.8-22.1C806,49.6,745.3,8.7,694.9,4.7S492.4,59,473,67.3z\"\/>\n\t<path class=\"elementor-shape-fill\" opacity=\"0.66\" d=\"M734,67.3c-45.5,0-77.2-23.2-129.1-39.1c-28.6-8.7-150.3-10.1-254,39.1 s-91.7-34.4-149.2,0C115.7,118.3,0,39.8,0,39.8V0h1000v36.5c0,0-28.2-18.5-92.1-18.5C810.2,18.1,775.7,67.3,734,67.3z\"\/>\n\t<path class=\"elementor-shape-fill\" d=\"M766.1,28.9c-200-57.5-266,65.5-395.1,19.5C242,1.8,242,5.4,184.8,20.6C128,35.8,132.3,44.9,89.9,52.5C28.6,63.7,0,0,0,0 h1000c0,0-9.9,40.9-83.6,48.1S829.6,47,766.1,28.9z\"\/>\n<\/svg>\t\t<\/div>\n\t\t\t\t\t<div class=\"elementor-container elementor-column-gap-default\">\n\t\t\t\t\t<div class=\"elementor-column elementor-col-50 elementor-top-column elementor-element elementor-element-1f3eebb\" data-id=\"1f3eebb\" data-element_type=\"column\">\n\t\t\t<div class=\"elementor-widget-wrap elementor-element-populated\">\n\t\t\t\t\t\t<div class=\"elementor-element elementor-element-23a61ce6 elementor-widget elementor-widget-heading\" data-id=\"23a61ce6\" data-element_type=\"widget\" data-widget_type=\"heading.default\">\n\t\t\t\t<div class=\"elementor-widget-container\">\n\t\t\t<h4 class=\"elementor-heading-title elementor-size-default\">KH\u00d4NG C\u00d3 M\u1ed8T CHI\u1ebeN L\u01af\u1ee2C N\u00c0O PH\u00d9 H\u1ee2P V\u1edaI M\u1eccI DOANH NGHI\u1ec6P.<\/h4>\t\t<\/div>\n\t\t\t\t<\/div>\n\t\t\t\t<div class=\"elementor-element elementor-element-1ad28123 elementor-widget elementor-widget-heading\" data-id=\"1ad28123\" data-element_type=\"widget\" data-widget_type=\"heading.default\">\n\t\t\t\t<div class=\"elementor-widget-container\">\n\t\t\t<h1 class=\"elementor-heading-title elementor-size-default\">CH\u00daNG T\u00d4I GI\u00daP B\u1ea0N LU\u00d4N D\u1eaaN \u0110\u1ea6U TRONG L\u0128NH V\u1ef0C C\u1ee6A M\u00ccNH.<\/h1>\t\t<\/div>\n\t\t\t\t<\/div>\n\t\t\t\t<div class=\"elementor-element elementor-element-21393dec elementor-widget elementor-widget-text-editor\" data-id=\"21393dec\" data-element_type=\"widget\" data-widget_type=\"text-editor.default\">\n\t\t\t\t<div class=\"elementor-widget-container\">\n\t\t\t\t\t\t\t<p>Trong qu\u00e1 tr\u00ecnh thi\u1ebft k\u1ebf t\u1ed5 ch\u1ee9c doanh nghi\u1ec7p, t\u00e1i thi\u1ebft k\u1ebf c\u00e1c s\u1ea3n ph\u1ea9m v\u00e0 c\u00e1c d\u1ecbch v\u1ee5, gi\u1edbi thi\u1ec7u m\u1ed9t s\u1ea3n ph\u1ea9m ra th\u1ecb tr\u01b0\u1eddng, hay \u0111\u1ee9ng gi\u1eefa c\u00e1c l\u1ef1a ch\u1ecdn \u0111\u00e1nh \u0111\u1ed5i, b\u1ea1n s\u1ebd c\u1ea7n m\u1ed9t nh\u00e0 t\u01b0 v\u1ea5n \u0111\u1ed9c l\u1eadp \u0111\u00e1ng tin c\u1eady am hi\u1ec3u th\u1ecb tr\u01b0\u1eddng \u0111\u1ec3 gi\u00fap b\u1ea1n th\u00e0nh c\u00f4ng. Ch\u00fang t\u00f4i s\u1ebd s\u00e1t c\u00e1nh c\u00f9ng doanh nghi\u1ec7p c\u1ee7a b\u1ea1n trong t\u1eebng b\u01b0\u1edbc \u0111i \u0111\u1ec3 gi\u00fap b\u1ea1n lu\u00f4n d\u1eabn \u0111\u1ea7u trong l\u0129nh v\u1ef1c c\u1ee7a m\u00ecnh.<\/p>\t\t\t\t\t\t<\/div>\n\t\t\t\t<\/div>\n\t\t\t\t<div class=\"elementor-element elementor-element-1b27dfbc elementor-mobile-align-center elementor-widget elementor-widget-button\" data-id=\"1b27dfbc\" data-element_type=\"widget\" data-widget_type=\"button.default\">\n\t\t\t\t<div class=\"elementor-widget-container\">\n\t\t\t\t\t<div class=\"elementor-button-wrapper\">\n\t\t\t<a class=\"elementor-button elementor-button-link elementor-size-xs\" href=\"#elementor-action%3Aaction%3Dpopup%3Aopen%26settings%3DeyJpZCI6IjU2MyIsInRvZ2dsZSI6ZmFsc2V9\">\n\t\t\t\t\t\t<span class=\"elementor-button-content-wrapper\">\n\t\t\t\t\t\t\t\t\t<span class=\"elementor-button-text\">H\u1eb9n v\u1edbi ch\u00fang t\u00f4i<\/span>\n\t\t\t\t\t<\/span>\n\t\t\t\t\t<\/a>\n\t\t<\/div>\n\t\t\t\t<\/div>\n\t\t\t\t<\/div>\n\t\t\t\t\t<\/div>\n\t\t<\/div>\n\t\t\t\t<div class=\"elementor-column elementor-col-50 elementor-top-column elementor-element elementor-element-36c4a6c2\" data-id=\"36c4a6c2\" data-element_type=\"column\">\n\t\t\t<div class=\"elementor-widget-wrap\">\n\t\t\t\t\t\t\t<\/div>\n\t\t<\/div>\n\t\t\t\t\t<\/div>\n\t\t<\/section>\n\t\t\t\t<section class=\"elementor-section elementor-top-section elementor-element elementor-element-f40e586 elementor-section-boxed elementor-section-height-default elementor-section-height-default\" data-id=\"f40e586\" data-element_type=\"section\">\n\t\t\t\t\t\t<div class=\"elementor-container elementor-column-gap-default\">\n\t\t\t\t\t<div class=\"elementor-column elementor-col-100 elementor-top-column elementor-element elementor-element-edc3d6a\" data-id=\"edc3d6a\" data-element_type=\"column\">\n\t\t\t<div class=\"elementor-widget-wrap elementor-element-populated\">\n\t\t\t\t\t\t<div class=\"elementor-element elementor-element-2c54a86 elementor-widget elementor-widget-text-editor\" data-id=\"2c54a86\" data-element_type=\"widget\" data-widget_type=\"text-editor.default\">\n\t\t\t\t<div class=\"elementor-widget-container\">\n\t\t\t\t\t\t\t<p>Chi\u1ebfn l\u01b0\u1ee3c doanh nghi\u1ec7p t\u1eadp trung v\u00e0o c\u00e1ch m\u00e0 m\u1ed9t doanh nghi\u1ec7p t\u1ea1o ra gi\u00e1 tr\u1ecb v\u00e0 x\u00e2y d\u1ef1ng v\u1ecb th\u1ebf c\u1ea1nh tranh c\u1ee7a h\u1ecd tr\u00ean th\u1ecb tr\u01b0\u1eddng. Vi\u1ec7c n\u00e0y \u0111\u00f2i h\u1ecfi m\u1ed9t t\u1ea7m nh\u00ecn r\u00f5 r\u00e0ng v\u00e0 s\u1ef1 t\u1eadp trung ki\u00ean \u0111\u1ecbnh v\u00e0o vi\u1ec7c ki\u1ebfn t\u1ea1o gi\u00e1 tr\u1ecb v\u00e0 s\u1ef1 quan t\u00e2m \u0111\u1eb7c bi\u1ec7t t\u1edbi b\u1ed1n kh\u00eda c\u1ea1nh ch\u00ednh: thi\u1ebft k\u1ebf t\u1ed5 ch\u1ee9c, ph\u00e2n b\u1ed5 ngu\u1ed3n l\u1ef1c, qu\u1ea3n l\u00fd danh m\u1ee5c s\u1ea3n ph\u1ea9m v\u00e0 d\u1ecbch v\u1ee5, v\u00e0 \u0111\u01b0a ra c\u00e1c quy\u1ebft \u0111\u1ecbnh chi\u1ebfn l\u01b0\u1ee3c.<\/p><p>\u0110\u1ed9i ng\u0169 c\u1ee7a ch\u00fang t\u00f4i bao g\u1ed3m c\u00e1c chuy\u00ean gia c\u00f3 h\u01a1n 14 n\u0103m kinh nghi\u1ec7m trong l\u0129nh v\u1ef1c t\u1ed5 ch\u1ee9c doanh nghi\u1ec7p v\u00e0 tri\u1ec3n khai chi\u1ebfn l\u01b0\u1ee3c t\u1ea1i Vi\u1ec7t Nam. Ch\u00fang t\u00f4i cung c\u1ea5p nh\u1eefng d\u1ecbch v\u1ee5 v\u1ec1 \u0111\u00e1nh gi\u00e1 hi\u1ec7u qu\u1ea3 chi\u1ebfn l\u01b0\u1ee3c, l\u1eadp k\u1ebf ho\u1ea1ch chi\u1ebfn l\u01b0\u1ee3c, t\u00e1i c\u01a1 c\u1ea5u doanh nghi\u1ec7p, ph\u00e2n t\u00edch th\u1ecb tr\u01b0\u1eddng, nghi\u00ean c\u1ee9u t\u00ednh kh\u1ea3 thi, quan h\u1ec7 c\u00f4ng ch\u00fang v\u00e0 ch\u00ednh ph\u1ee7, v\u00e0 c\u00e1c d\u1ecbch v\u1ee5 qu\u1ea3n l\u00fd th\u01b0\u1eddng xuy\u00ean.<\/p><p>Xem n\u0103ng l\u1ef1c v\u00e0 kinh nghi\u1ec7m c\u1ee7a ch\u00fang t\u00f4i t\u1ea1i <a href=\"https:\/\/asart.com.vn\/vi\/capability\/\"><span style=\"text-decoration: underline;\"><strong>\u0111\u00e2y<\/strong><\/span><\/a>.<\/p>\t\t\t\t\t\t<\/div>\n\t\t\t\t<\/div>\n\t\t\t\t\t<\/div>\n\t\t<\/div>\n\t\t\t\t\t<\/div>\n\t\t<\/section>\n\t\t\t\t<\/div>","protected":false},"excerpt":{"rendered":"<p>THERE IS NO ONE SINGLE STRATEGY THAT FITS ALL.\u200b WE ASSIST YOU TO BE THE LEADER IN WHAT YOU DO.\u200b Whether you are designing your organization, reimaging your products and services, taking a product to market, or making a trade-off, you will need a trusted and independent advisor who knows that market well to make [&hellip;]<\/p>\n","protected":false},"author":1,"featured_media":0,"parent":0,"menu_order":0,"comment_status":"closed","ping_status":"closed","template":"elementor_header_footer","meta":{"footnotes":""},"class_list":["post-2050","page","type-page","status-publish","hentry"],"_links":{"self":[{"href":"https:\/\/asart.com.vn\/vi\/wp-json\/wp\/v2\/pages\/2050","targetHints":{"allow":["GET"]}}],"collection":[{"href":"https:\/\/asart.com.vn\/vi\/wp-json\/wp\/v2\/pages"}],"about":[{"href":"https:\/\/asart.com.vn\/vi\/wp-json\/wp\/v2\/types\/page"}],"author":[{"embeddable":true,"href":"https:\/\/asart.com.vn\/vi\/wp-json\/wp\/v2\/users\/1"}],"replies":[{"embeddable":true,"href":"https:\/\/asart.com.vn\/vi\/wp-json\/wp\/v2\/comments?post=2050"}],"version-history":[{"count":81,"href":"https:\/\/asart.com.vn\/vi\/wp-json\/wp\/v2\/pages\/2050\/revisions"}],"predecessor-version":[{"id":3774,"href":"https:\/\/asart.com.vn\/vi\/wp-json\/wp\/v2\/pages\/2050\/revisions\/3774"}],"wp:attachment":[{"href":"https:\/\/asart.com.vn\/vi\/wp-json\/wp\/v2\/media?parent=2050"}],"curies":[{"name":"wp","href":"https:\/\/api.w.org\/{rel}","templated":true}]}}