{"id":2045,"date":"2021-09-01T07:27:22","date_gmt":"2021-09-01T00:27:22","guid":{"rendered":"https:\/\/asart.vn\/?page_id=2045"},"modified":"2021-12-15T12:59:42","modified_gmt":"2021-12-15T05:59:42","slug":"corporate-finance","status":"publish","type":"page","link":"https:\/\/asart.com.vn\/vi\/corporate-finance\/","title":{"rendered":"T\u00e0i Ch\u00ednh Doanh Nghi\u1ec7p"},"content":{"rendered":"<div data-elementor-type=\"wp-page\" data-elementor-id=\"2045\" class=\"elementor elementor-2045\" data-elementor-post-type=\"page\">\n\t\t\t\t\t\t<section class=\"elementor-section elementor-top-section elementor-element elementor-element-9bded97 elementor-section-height-min-height elementor-section-boxed elementor-section-height-default elementor-section-items-middle\" data-id=\"9bded97\" data-element_type=\"section\" data-settings=\"{&quot;background_background&quot;:&quot;classic&quot;,&quot;shape_divider_bottom&quot;:&quot;mountains&quot;}\">\n\t\t\t\t\t\t\t<div class=\"elementor-background-overlay\"><\/div>\n\t\t\t\t\t\t<div class=\"elementor-shape elementor-shape-bottom\" data-negative=\"false\">\n\t\t\t<svg xmlns=\"http:\/\/www.w3.org\/2000\/svg\" viewbox=\"0 0 1000 100\" preserveaspectratio=\"none\">\n\t<path class=\"elementor-shape-fill\" opacity=\"0.33\" d=\"M473,67.3c-203.9,88.3-263.1-34-320.3,0C66,119.1,0,59.7,0,59.7V0h1000v59.7 c0,0-62.1,26.1-94.9,29.3c-32.8,3.3-62.8-12.3-75.8-22.1C806,49.6,745.3,8.7,694.9,4.7S492.4,59,473,67.3z\"\/>\n\t<path class=\"elementor-shape-fill\" opacity=\"0.66\" d=\"M734,67.3c-45.5,0-77.2-23.2-129.1-39.1c-28.6-8.7-150.3-10.1-254,39.1 s-91.7-34.4-149.2,0C115.7,118.3,0,39.8,0,39.8V0h1000v36.5c0,0-28.2-18.5-92.1-18.5C810.2,18.1,775.7,67.3,734,67.3z\"\/>\n\t<path class=\"elementor-shape-fill\" d=\"M766.1,28.9c-200-57.5-266,65.5-395.1,19.5C242,1.8,242,5.4,184.8,20.6C128,35.8,132.3,44.9,89.9,52.5C28.6,63.7,0,0,0,0 h1000c0,0-9.9,40.9-83.6,48.1S829.6,47,766.1,28.9z\"\/>\n<\/svg>\t\t<\/div>\n\t\t\t\t\t<div class=\"elementor-container elementor-column-gap-default\">\n\t\t\t\t\t<div class=\"elementor-column elementor-col-50 elementor-top-column elementor-element elementor-element-7ebdd5cb\" data-id=\"7ebdd5cb\" data-element_type=\"column\">\n\t\t\t<div class=\"elementor-widget-wrap elementor-element-populated\">\n\t\t\t\t\t\t<div class=\"elementor-element elementor-element-793c881 elementor-widget elementor-widget-heading\" data-id=\"793c881\" data-element_type=\"widget\" data-widget_type=\"heading.default\">\n\t\t\t\t<div class=\"elementor-widget-container\">\n\t\t\t<h4 class=\"elementor-heading-title elementor-size-default\">\u0110I\u1ec0U QUAN TR\u1eccNG NH\u1ea4T L\u00c0 K\u1ebeT QU\u1ea2 \u0110\u1ea6U T\u01af.<\/h4>\t\t<\/div>\n\t\t\t\t<\/div>\n\t\t\t\t<div class=\"elementor-element elementor-element-7cd7bf2c elementor-widget elementor-widget-heading\" data-id=\"7cd7bf2c\" data-element_type=\"widget\" data-widget_type=\"heading.default\">\n\t\t\t\t<div class=\"elementor-widget-container\">\n\t\t\t<h1 class=\"elementor-heading-title elementor-size-default\">CH\u00daNG T\u00d4I GI\u00daP B\u1ea0N T\u1ed0I \u0110A H\u00d3A GI\u00c1 TR\u1eca CHO T\u1ea4T C\u1ea2 C\u00c1C B\u00caN LI\u00caN QUAN.<\/h1>\t\t<\/div>\n\t\t\t\t<\/div>\n\t\t\t\t<div class=\"elementor-element elementor-element-380e7e4 elementor-widget elementor-widget-text-editor\" data-id=\"380e7e4\" data-element_type=\"widget\" data-widget_type=\"text-editor.default\">\n\t\t\t\t<div class=\"elementor-widget-container\">\n\t\t\t\t\t\t\t<p>C\u00e1ch b\u1ea1n huy \u0111\u1ed9ng v\u1ed1n v\u00e0 s\u1eed d\u1ee5ng ngu\u1ed3n v\u1ed1n m\u1ed9t c\u00e1ch hi\u1ec7u qu\u1ea3, \u0111\u1ec3 \u0111\u1ea1t \u0111\u01b0\u1ee3c gi\u00e1 tr\u1ecb t\u1ed1i \u0111a cho c\u1ed5 \u0111\u00f4ng, th\u00f4ng qua vi\u1ec7c l\u1eadp k\u1ebf ho\u1ea1ch t\u00e0i ch\u00ednh d\u00e0i h\u1ea1n v\u00e0 ng\u1eafn h\u1ea1n ch\u00ednh l\u00e0 x\u01b0\u01a1ng s\u1ed1ng c\u1ee7a m\u1ecdi t\u1ed5 ch\u1ee9c. Ch\u00fang t\u00f4i gi\u00fap b\u1ea1n qu\u1ea3n tr\u1ecb v\u00e0 theo d\u00f5i s\u00e1t sao c\u00e1c quy\u1ebft \u0111\u1ecbnh \u0111\u1ea7u t\u01b0 trong khi v\u1eabn \u0111\u1ea3m b\u1ea3o vi\u1ec7c t\u00ecnh h\u00ecnh t\u00e0i ch\u00ednh ng\u1eafn h\u1ea1n.<\/p>\t\t\t\t\t\t<\/div>\n\t\t\t\t<\/div>\n\t\t\t\t<div class=\"elementor-element elementor-element-23971aa9 elementor-mobile-align-center elementor-widget elementor-widget-button\" data-id=\"23971aa9\" data-element_type=\"widget\" data-widget_type=\"button.default\">\n\t\t\t\t<div class=\"elementor-widget-container\">\n\t\t\t\t\t<div class=\"elementor-button-wrapper\">\n\t\t\t<a class=\"elementor-button elementor-button-link elementor-size-xs\" href=\"#elementor-action%3Aaction%3Dpopup%3Aopen%26settings%3DeyJpZCI6IjU2MyIsInRvZ2dsZSI6ZmFsc2V9\">\n\t\t\t\t\t\t<span class=\"elementor-button-content-wrapper\">\n\t\t\t\t\t\t\t\t\t<span class=\"elementor-button-text\">H\u1eb9n v\u1edbi ch\u00fang t\u00f4i<\/span>\n\t\t\t\t\t<\/span>\n\t\t\t\t\t<\/a>\n\t\t<\/div>\n\t\t\t\t<\/div>\n\t\t\t\t<\/div>\n\t\t\t\t\t<\/div>\n\t\t<\/div>\n\t\t\t\t<div class=\"elementor-column elementor-col-50 elementor-top-column elementor-element elementor-element-532a0eae\" data-id=\"532a0eae\" data-element_type=\"column\">\n\t\t\t<div class=\"elementor-widget-wrap\">\n\t\t\t\t\t\t\t<\/div>\n\t\t<\/div>\n\t\t\t\t\t<\/div>\n\t\t<\/section>\n\t\t\t\t<section class=\"elementor-section elementor-top-section elementor-element elementor-element-f40e586 elementor-section-boxed elementor-section-height-default elementor-section-height-default\" data-id=\"f40e586\" data-element_type=\"section\">\n\t\t\t\t\t\t<div class=\"elementor-container elementor-column-gap-default\">\n\t\t\t\t\t<div class=\"elementor-column elementor-col-100 elementor-top-column elementor-element elementor-element-edc3d6a\" data-id=\"edc3d6a\" data-element_type=\"column\">\n\t\t\t<div class=\"elementor-widget-wrap elementor-element-populated\">\n\t\t\t\t\t\t<div class=\"elementor-element elementor-element-2c54a86 elementor-widget elementor-widget-text-editor\" data-id=\"2c54a86\" data-element_type=\"widget\" data-widget_type=\"text-editor.default\">\n\t\t\t\t<div class=\"elementor-widget-container\">\n\t\t\t\t\t\t\t<p class=\"translation-block\">T\u00e0i ch\u00ednh doanh nghi\u1ec7p l\u00e0 m\u1ed9t trong nh\u1eefng v\u1ea5n \u0111\u1ec1 t\u1ed1i quan tr\u1ecdng trong kinh doanh. Huy \u0111\u1ed9ng v\u1ed1n t\u1eadp trung nh\u1eefng v\u1ea5n \u0111\u1ec1 v\u1ec1 v\u1ed1n ch\u1ee7 s\u1ee1 h\u1eefu, n\u1ee3, ho\u1eb7c \u0111\u00f4i khi l\u00e0 c\u1ea3 hai. \u0110\u1ea7u t\u01b0 v\u1ed1n th\u00ec t\u1eadp trung v\u00e0o v\u1ea5n \u0111\u1ec1 v\u1ec1 l\u1eadp ng\u00e2n s\u00e1ch v\u1ed1n, chi ph\u00ed v\u1ed1n, d\u00f2ng ti\u1ec1n t\u01b0\u01a1ng lai v\u00e0 l\u1ee3i nhu\u1eadn \u0111\u1ea7u t\u01b0. Qu\u1ea3n l\u00fd t\u00e0i ch\u00ednh ng\u1eafn h\u1ea1n gi\u00fap qu\u1ea3n l\u00fd thanh kho\u1ea3n \u0111\u1ec3 duy tr\u00ec v\u1eadn h\u00e0nh kinh doanh, bao g\u1ed3m vi\u1ec7c thanh to\u00e1n n\u1ee3 ng\u1eafn h\u1ea1n, t\u0103ng h\u1ea1n m\u1ee9c t\u00edn d\u1ee5ng, ho\u1eb7c thi\u1ebft l\u1eadp k\u1ebf ho\u1ea1ch thanh kho\u1ea3n d\u1ef1 ph\u00f2ng.<\/p><p>C\u00e1c d\u1ecbch v\u1ee5 t\u01b0 v\u1ea5n t\u00e0i ch\u00ednh doanh nghi\u1ec7p c\u1ee7a ch\u00fang t\u00f4i bao g\u1ed3m mua b\u00e1n &amp; s\u00e1p nh\u1eadp, huy \u0111\u1ed9ng v\u1ed1n, thanh kho\u1ea3n, \u0111\u1ecbnh gi\u00e1 \u0111\u1ed9c l\u1eadp, \u0111\u00e1nh gi\u00e1 hi\u1ec7u hi\u1ec7u qu\u1ea3 t\u00e0i ch\u00ednh, t\u00e1i c\u01a1 c\u1ea5u t\u00e0i ch\u00ednh, v\u00e0 c\u00e1c d\u1ecbch v\u1ee5 qu\u1ea3n l\u00fd th\u01b0\u1eddng xuy\u00ean.<\/p><p>Xem n\u0103ng l\u1ef1c v\u00e0 kinh nghi\u1ec7m c\u1ee7a ch\u00fang t\u00f4i t\u1ea1i <a href=\"https:\/\/asart.com.vn\/vi\/capability\/\"><span style=\"text-decoration: underline;\"><strong>\u0111\u00e2y<\/strong><\/span>.<\/a><\/p>\t\t\t\t\t\t<\/div>\n\t\t\t\t<\/div>\n\t\t\t\t\t<\/div>\n\t\t<\/div>\n\t\t\t\t\t<\/div>\n\t\t<\/section>\n\t\t\t\t<\/div>","protected":false},"excerpt":{"rendered":"<p>IT ALL BOILS DOWN TO INVESTMENT RETURNS. WE HELP YOU MAXIMIZE VALUE FOR ALL STAKEHOLDERS. How you raise capital and how you use that capital effectively in order to maximize your shareholder value through long-term and short-term financial planning is the backbone of every organization. We help you govern and oversee your investment decisions while [&hellip;]<\/p>\n","protected":false},"author":1,"featured_media":0,"parent":0,"menu_order":0,"comment_status":"closed","ping_status":"closed","template":"elementor_header_footer","meta":{"footnotes":""},"class_list":["post-2045","page","type-page","status-publish","hentry"],"_links":{"self":[{"href":"https:\/\/asart.com.vn\/vi\/wp-json\/wp\/v2\/pages\/2045","targetHints":{"allow":["GET"]}}],"collection":[{"href":"https:\/\/asart.com.vn\/vi\/wp-json\/wp\/v2\/pages"}],"about":[{"href":"https:\/\/asart.com.vn\/vi\/wp-json\/wp\/v2\/types\/page"}],"author":[{"embeddable":true,"href":"https:\/\/asart.com.vn\/vi\/wp-json\/wp\/v2\/users\/1"}],"replies":[{"embeddable":true,"href":"https:\/\/asart.com.vn\/vi\/wp-json\/wp\/v2\/comments?post=2045"}],"version-history":[{"count":99,"href":"https:\/\/asart.com.vn\/vi\/wp-json\/wp\/v2\/pages\/2045\/revisions"}],"predecessor-version":[{"id":3775,"href":"https:\/\/asart.com.vn\/vi\/wp-json\/wp\/v2\/pages\/2045\/revisions\/3775"}],"wp:attachment":[{"href":"https:\/\/asart.com.vn\/vi\/wp-json\/wp\/v2\/media?parent=2045"}],"curies":[{"name":"wp","href":"https:\/\/api.w.org\/{rel}","templated":true}]}}