{"id":12733,"date":"2025-05-16T08:00:00","date_gmt":"2025-05-16T01:00:00","guid":{"rendered":"https:\/\/asart.com.vn\/?page_id=12733"},"modified":"2025-05-23T13:23:39","modified_gmt":"2025-05-23T06:23:39","slug":"proactive-resilience-framework","status":"publish","type":"page","link":"https:\/\/asart.com.vn\/vi\/proactive-resilience-framework\/","title":{"rendered":"\u0110\u00e1nh Gi\u00e1 Doanh Nghi\u1ec7p"},"content":{"rendered":"<div data-elementor-type=\"wp-page\" data-elementor-id=\"12733\" class=\"elementor elementor-12733\" data-elementor-post-type=\"page\">\n\t\t\t\t\t\t<section class=\"elementor-section elementor-top-section elementor-element elementor-element-9bded97 elementor-section-height-min-height elementor-section-boxed elementor-section-height-default elementor-section-items-middle\" data-id=\"9bded97\" data-element_type=\"section\" data-settings=\"{&quot;background_background&quot;:&quot;classic&quot;,&quot;shape_divider_bottom&quot;:&quot;mountains&quot;}\">\n\t\t\t\t\t\t\t<div class=\"elementor-background-overlay\"><\/div>\n\t\t\t\t\t\t<div class=\"elementor-shape elementor-shape-bottom\" data-negative=\"false\">\n\t\t\t<svg xmlns=\"http:\/\/www.w3.org\/2000\/svg\" viewbox=\"0 0 1000 100\" preserveaspectratio=\"none\">\n\t<path class=\"elementor-shape-fill\" opacity=\"0.33\" d=\"M473,67.3c-203.9,88.3-263.1-34-320.3,0C66,119.1,0,59.7,0,59.7V0h1000v59.7 c0,0-62.1,26.1-94.9,29.3c-32.8,3.3-62.8-12.3-75.8-22.1C806,49.6,745.3,8.7,694.9,4.7S492.4,59,473,67.3z\"\/>\n\t<path class=\"elementor-shape-fill\" opacity=\"0.66\" d=\"M734,67.3c-45.5,0-77.2-23.2-129.1-39.1c-28.6-8.7-150.3-10.1-254,39.1 s-91.7-34.4-149.2,0C115.7,118.3,0,39.8,0,39.8V0h1000v36.5c0,0-28.2-18.5-92.1-18.5C810.2,18.1,775.7,67.3,734,67.3z\"\/>\n\t<path class=\"elementor-shape-fill\" d=\"M766.1,28.9c-200-57.5-266,65.5-395.1,19.5C242,1.8,242,5.4,184.8,20.6C128,35.8,132.3,44.9,89.9,52.5C28.6,63.7,0,0,0,0 h1000c0,0-9.9,40.9-83.6,48.1S829.6,47,766.1,28.9z\"\/>\n<\/svg>\t\t<\/div>\n\t\t\t\t\t<div class=\"elementor-container elementor-column-gap-default\">\n\t\t\t\t\t<div class=\"elementor-column elementor-col-50 elementor-top-column elementor-element elementor-element-7ebdd5cb\" data-id=\"7ebdd5cb\" data-element_type=\"column\">\n\t\t\t<div class=\"elementor-widget-wrap elementor-element-populated\">\n\t\t\t\t\t\t<div class=\"elementor-element elementor-element-793c881 elementor-widget elementor-widget-heading\" data-id=\"793c881\" data-element_type=\"widget\" data-widget_type=\"heading.default\">\n\t\t\t\t<div class=\"elementor-widget-container\">\n\t\t\t<h4 class=\"elementor-heading-title elementor-size-default\">DOANH NGHI\u1ec6P XU\u1ea4T S\u1eaeC LU\u00d4N V\u01af\u01a0N L\u00caN M\u1ea0NH M\u1ebc GI\u1eeeA MU\u00d4N V\u00c0N B\u1ea4T \u0110\u1ecaNH.<\/h4>\t\t<\/div>\n\t\t\t\t<\/div>\n\t\t\t\t<div class=\"elementor-element elementor-element-7cd7bf2c elementor-widget elementor-widget-heading\" data-id=\"7cd7bf2c\" data-element_type=\"widget\" data-widget_type=\"heading.default\">\n\t\t\t\t<div class=\"elementor-widget-container\">\n\t\t\t<h1 class=\"elementor-heading-title elementor-size-default\">CH\u00daNG T\u00d4I GI\u00daP DOANH NGHI\u1ec6P B\u1ea0N PH\u00c1T TRI\u1ec2N N\u0102NG L\u1ef0C TH\u00cdCH \u1ee8NG CH\u1ee6 \u0110\u1ed8NG \u0110\u1ec2 N\u00c2NG CAO V\u1eca TH\u1ebe TRONG M\u1ed8T TH\u1ebe GI\u1edaI B\u1ea4T \u0110\u1ecaNH.<\/h1>\t\t<\/div>\n\t\t\t\t<\/div>\n\t\t\t\t<div class=\"elementor-element elementor-element-380e7e4 elementor-widget elementor-widget-text-editor\" data-id=\"380e7e4\" data-element_type=\"widget\" data-widget_type=\"text-editor.default\">\n\t\t\t\t<div class=\"elementor-widget-container\">\n\t\t\t\t\t\t\t<p><span data-teams=\"true\">Ch\u1ec9 khi hi\u1ec3u \u0111\u01b0\u1ee3c t\u1ea5t c\u1ea3 c\u00e1c kh\u00eda c\u1ea1nh c\u1ee7a doanh nghi\u1ec7p m\u00ecnh trong b\u1ed1i c\u1ea3nh m\u00f4i tr\u01b0\u1eddng b\u00ean ngo\u00e0i thay \u0111\u1ed5i nhanh ch\u00f3ng, doanh nghi\u1ec7p m\u1edbi c\u00f3 th\u1ec3 x\u00e2y d\u1ef1ng m\u1ed9t \u201cl\u00e1 ch\u1eafn chi\u1ebfn l\u01b0\u1ee3c\": \u0111\u1ee7 v\u1eefng ch\u1eafc \u0111\u1ec3 ch\u1ed1ng ch\u1ecdi v\u1edbi nh\u1eefng gi\u00e1n \u0111o\u1ea1n nh\u01b0ng c\u0169ng \u0111\u1ee7 linh ho\u1ea1t \u0111\u1ec3 n\u1eafm b\u1eaft c\u01a1 h\u1ed9i. Ch\u00fang t\u00f4i gi\u00fap doanh nghi\u1ec7p x\u00e2y d\u1ef1ng n\u1ec1n t\u1ea3ng quan tr\u1ecdng kh\u00f4ng ch\u1ec9 \u0111\u1ec3 v\u01b0\u1ee3t qua c\u00e1c c\u01a1n b\u00e3o hay s\u1ef1 b\u1ea5t \u0111\u1ecbnh m\u00e0 c\u00f2n \u0111\u1ec3 tr\u1edf n\u00ean ki\u00ean c\u01b0\u1eddng h\u01a1n, th\u00edch \u1ee9ng t\u1ed1t h\u01a1n v\u00e0 s\u1eb5n s\u00e0ng b\u1ee9t ph\u00e1 v\u01b0\u01a1n xa trong t\u01b0\u01a1ng lai.<br \/><\/span><\/p>\t\t\t\t\t\t<\/div>\n\t\t\t\t<\/div>\n\t\t\t\t<div class=\"elementor-element elementor-element-23971aa9 elementor-mobile-align-center elementor-widget elementor-widget-button\" data-id=\"23971aa9\" data-element_type=\"widget\" data-widget_type=\"button.default\">\n\t\t\t\t<div class=\"elementor-widget-container\">\n\t\t\t\t\t<div class=\"elementor-button-wrapper\">\n\t\t\t<a class=\"elementor-button elementor-button-link elementor-size-xs\" href=\"#elementor-action%3Aaction%3Dpopup%3Aopen%26settings%3DeyJpZCI6IjU2MyIsInRvZ2dsZSI6ZmFsc2V9\">\n\t\t\t\t\t\t<span class=\"elementor-button-content-wrapper\">\n\t\t\t\t\t\t\t\t\t<span class=\"elementor-button-text\">H\u1eb9n v\u1edbi ch\u00fang t\u00f4i<\/span>\n\t\t\t\t\t<\/span>\n\t\t\t\t\t<\/a>\n\t\t<\/div>\n\t\t\t\t<\/div>\n\t\t\t\t<\/div>\n\t\t\t\t\t<\/div>\n\t\t<\/div>\n\t\t\t\t<div class=\"elementor-column elementor-col-50 elementor-top-column elementor-element elementor-element-532a0eae\" data-id=\"532a0eae\" data-element_type=\"column\">\n\t\t\t<div class=\"elementor-widget-wrap\">\n\t\t\t\t\t\t\t<\/div>\n\t\t<\/div>\n\t\t\t\t\t<\/div>\n\t\t<\/section>\n\t\t\t\t<section class=\"elementor-section elementor-top-section elementor-element elementor-element-f40e586 elementor-section-boxed elementor-section-height-default elementor-section-height-default\" data-id=\"f40e586\" data-element_type=\"section\">\n\t\t\t\t\t\t<div class=\"elementor-container elementor-column-gap-default\">\n\t\t\t\t\t<div class=\"elementor-column elementor-col-100 elementor-top-column elementor-element elementor-element-edc3d6a\" data-id=\"edc3d6a\" data-element_type=\"column\">\n\t\t\t<div class=\"elementor-widget-wrap elementor-element-populated\">\n\t\t\t\t\t\t<div class=\"elementor-element elementor-element-2c54a86 elementor-widget elementor-widget-text-editor\" data-id=\"2c54a86\" data-element_type=\"widget\" data-widget_type=\"text-editor.default\">\n\t\t\t\t<div class=\"elementor-widget-container\">\n\t\t\t\t\t\t\t<p><span data-teams=\"true\">Ph\u01b0\u01a1ng ph\u00e1p Th\u00edch \u1ee8ng Ch\u1ee7 \u0110\u1ed9ng c\u1ee7a ch\u00fang t\u00f4i bao g\u1ed3m ba tr\u1ee5 c\u1ed9t li\u00ean k\u1ebft ch\u1eb7t ch\u1ebd: (1) \u0111\u00e1nh gi\u00e1 to\u00e0n di\u1ec7n v\u1ec1 doanh nghi\u1ec7p, (2) ph\u00e1t tri\u1ec3n c\u00e1c chi\u1ebfn l\u01b0\u1ee3c v\u00e0 k\u1ebf ho\u1ea1ch h\u00e0nh \u0111\u1ed9ng ph\u00f9 h\u1ee3p, v\u00e0 (3) \u0111\u1ed3ng h\u00e0nh c\u00f9ng doanh nghi\u1ec7p trong su\u1ed1t qu\u00e1 tr\u00ecnh tri\u1ec3n khai v\u00e0 th\u1ef1c hi\u1ec7n. <\/span><\/p><p>Ch\u00fang t\u00f4i b\u1eaft \u0111\u1ea7u b\u1eb1ng vi\u1ec7c \u0111\u00e1nh gi\u00e1 to\u00e0n di\u1ec7n v\u00e0 ch\u1ee7 \u0111\u1ed9ng v\u1ec1 doanh nghi\u1ec7p, xem x\u00e9t c\u1ea3 r\u1ee7i ro v\u00e0 c\u01a1 h\u1ed9i tr\u00ean nhi\u1ec1u kh\u00eda c\u1ea1nh, t\u1eeb m\u00f4i tr\u01b0\u1eddng kinh t\u1ebf v\u0129 m\u00f4, tri\u1ec3n v\u1ecdng ng\u00e0nh, chi\u1ebfn l\u01b0\u1ee3c v\u00e0 v\u1ecb th\u1ebf c\u1ea1nh tranh, danh m\u1ee5c s\u1ea3n ph\u1ea9m v\u00e0 d\u1ecbch v\u1ee5, c\u00e1ch ti\u1ebfp c\u1eadn th\u1ecb tr\u01b0\u1eddng, kh\u1ea3 n\u0103ng s\u1ea3n xu\u1ea5t v\u00e0 R&amp;D, m\u1ea1ng l\u01b0\u1edbi kh\u00e1ch h\u00e0ng v\u00e0 nh\u00e0 cung c\u1ea5p, c\u1ea5u tr\u00fac t\u00e0i ch\u00ednh, \u0111\u1ed9i ng\u0169 v\u00e0 quy tr\u00ecnh v\u1eadn h\u00e0nh, \u0111\u1ebfn hi\u1ec7u qu\u1ea3 s\u1eed d\u1ee5ng b\u1ea5t \u0111\u1ed9ng s\u1ea3n (n\u1ebfu c\u1ea7n) v\u00e0 c\u00e1c y\u1ebfu t\u1ed1 \u0111\u1eb7c th\u00f9 kh\u00e1c c\u1ee5 th\u1ec3 cho t\u1eebng doanh nghi\u1ec7p.<\/p><p>D\u1ef1a tr\u00ean \u0111\u00e1nh gi\u00e1 n\u00e0y, ch\u00fang t\u00f4i l\u00e0m vi\u1ec7c ch\u1eb7t ch\u1ebd v\u1edbi doanh nghi\u1ec7p \u0111\u1ec3 x\u00e2y d\u1ef1ng chi\u1ebfn l\u01b0\u1ee3c v\u00e0 l\u1ed9 tr\u00ecnh ph\u00f9 h\u1ee3p nh\u1ea5t, sau \u0111\u00f3 \u0111\u1ed3ng h\u00e0nh c\u00f9ng doanh nghi\u1ec7p \u0111\u1ec3 \u0111\u1ea3m b\u1ea3o th\u1ef1c hi\u1ec7n hi\u1ec7u qu\u1ea3, gi\u00fap doanh nghi\u1ec7p kh\u00f4ng ch\u1ec9 \u0111\u1ee9ng v\u1eefng tr\u01b0\u1edbc s\u1ef1 b\u1ea5t \u0111\u1ecbnh, n\u1eafm b\u1eaft c\u00e1c c\u01a1 h\u1ed9i m\u1edbi, m\u00e0 c\u00f2n li\u00ean t\u1ee5c th\u00edch \u1ee9ng \u0111\u1ec3 th\u00e0nh c\u00f4ng v\u00e0 b\u1ec1n v\u1eefng h\u01a1n trong m\u1ed9t th\u1ebf gi\u1edbi lu\u00f4n thay \u0111\u1ed5i.<\/p><p>Xem n\u0103ng l\u1ef1c v\u00e0 kinh nghi\u1ec7m c\u1ee7a ch\u00fang t\u00f4i t\u1ea1i<a href=\"https:\/\/asart.com.vn\/vi\/capability\/\">\u00a0<span style=\"text-decoration: underline;\"><strong>\u0111\u00e2y<\/strong><\/span>.<\/a><\/p>\t\t\t\t\t\t<\/div>\n\t\t\t\t<\/div>\n\t\t\t\t\t<\/div>\n\t\t<\/div>\n\t\t\t\t\t<\/div>\n\t\t<\/section>\n\t\t\t\t<\/div>","protected":false},"excerpt":{"rendered":"<p>THE BEST BUSINESSES GROW STRONGER THROUGH UNCERTAINTY. WE HELP YOU DEVELOP PROACTIVE RESILIENCE TO THRIVE IN A CONSTANTLY CHANGING WORLD. Only by a deep understanding of your business in the context of the fast-changing external environment\u00a0can a business build a strategic shield: firm enough to withstand disruptions, yet agile enough to seize opportunities. We will [&hellip;]<\/p>\n","protected":false},"author":1,"featured_media":0,"parent":0,"menu_order":0,"comment_status":"closed","ping_status":"closed","template":"elementor_header_footer","meta":{"footnotes":""},"class_list":["post-12733","page","type-page","status-publish","hentry"],"_links":{"self":[{"href":"https:\/\/asart.com.vn\/vi\/wp-json\/wp\/v2\/pages\/12733","targetHints":{"allow":["GET"]}}],"collection":[{"href":"https:\/\/asart.com.vn\/vi\/wp-json\/wp\/v2\/pages"}],"about":[{"href":"https:\/\/asart.com.vn\/vi\/wp-json\/wp\/v2\/types\/page"}],"author":[{"embeddable":true,"href":"https:\/\/asart.com.vn\/vi\/wp-json\/wp\/v2\/users\/1"}],"replies":[{"embeddable":true,"href":"https:\/\/asart.com.vn\/vi\/wp-json\/wp\/v2\/comments?post=12733"}],"version-history":[{"count":36,"href":"https:\/\/asart.com.vn\/vi\/wp-json\/wp\/v2\/pages\/12733\/revisions"}],"predecessor-version":[{"id":13136,"href":"https:\/\/asart.com.vn\/vi\/wp-json\/wp\/v2\/pages\/12733\/revisions\/13136"}],"wp:attachment":[{"href":"https:\/\/asart.com.vn\/vi\/wp-json\/wp\/v2\/media?parent=12733"}],"curies":[{"name":"wp","href":"https:\/\/api.w.org\/{rel}","templated":true}]}}