{"id":100,"date":"2021-06-23T08:57:05","date_gmt":"2021-06-23T08:57:05","guid":{"rendered":"https:\/\/asart.vn\/?page_id=100"},"modified":"2023-02-15T08:23:19","modified_gmt":"2023-02-15T01:23:19","slug":"mergers-and-acquisitions","status":"publish","type":"page","link":"https:\/\/asart.com.vn\/vi\/mergers-and-acquisitions\/","title":{"rendered":"Mergers And Acquisitions"},"content":{"rendered":"<div data-elementor-type=\"wp-page\" data-elementor-id=\"100\" class=\"elementor elementor-100\" data-elementor-post-type=\"page\">\n\t\t\t\t\t\t<section class=\"elementor-section elementor-top-section elementor-element elementor-element-11c8f963 elementor-section-height-min-height elementor-section-boxed elementor-section-height-default elementor-section-items-middle\" data-id=\"11c8f963\" data-element_type=\"section\" data-settings=\"{&quot;background_background&quot;:&quot;classic&quot;,&quot;shape_divider_bottom&quot;:&quot;mountains&quot;}\">\n\t\t\t\t\t\t\t<div class=\"elementor-background-overlay\"><\/div>\n\t\t\t\t\t\t<div class=\"elementor-shape elementor-shape-bottom\" data-negative=\"false\">\n\t\t\t<svg xmlns=\"http:\/\/www.w3.org\/2000\/svg\" viewbox=\"0 0 1000 100\" preserveaspectratio=\"none\">\n\t<path class=\"elementor-shape-fill\" opacity=\"0.33\" d=\"M473,67.3c-203.9,88.3-263.1-34-320.3,0C66,119.1,0,59.7,0,59.7V0h1000v59.7 c0,0-62.1,26.1-94.9,29.3c-32.8,3.3-62.8-12.3-75.8-22.1C806,49.6,745.3,8.7,694.9,4.7S492.4,59,473,67.3z\"\/>\n\t<path class=\"elementor-shape-fill\" opacity=\"0.66\" d=\"M734,67.3c-45.5,0-77.2-23.2-129.1-39.1c-28.6-8.7-150.3-10.1-254,39.1 s-91.7-34.4-149.2,0C115.7,118.3,0,39.8,0,39.8V0h1000v36.5c0,0-28.2-18.5-92.1-18.5C810.2,18.1,775.7,67.3,734,67.3z\"\/>\n\t<path class=\"elementor-shape-fill\" d=\"M766.1,28.9c-200-57.5-266,65.5-395.1,19.5C242,1.8,242,5.4,184.8,20.6C128,35.8,132.3,44.9,89.9,52.5C28.6,63.7,0,0,0,0 h1000c0,0-9.9,40.9-83.6,48.1S829.6,47,766.1,28.9z\"\/>\n<\/svg>\t\t<\/div>\n\t\t\t\t\t<div class=\"elementor-container elementor-column-gap-default\">\n\t\t\t\t\t<div class=\"elementor-column elementor-col-50 elementor-top-column elementor-element elementor-element-789e9bd1\" data-id=\"789e9bd1\" data-element_type=\"column\">\n\t\t\t<div class=\"elementor-widget-wrap elementor-element-populated\">\n\t\t\t\t\t\t<div class=\"elementor-element elementor-element-2bfa3984 elementor-widget elementor-widget-heading\" data-id=\"2bfa3984\" data-element_type=\"widget\" data-widget_type=\"heading.default\">\n\t\t\t\t<div class=\"elementor-widget-container\">\n\t\t\t<h4 class=\"elementor-heading-title elementor-size-default\">CH\u00daNG T\u00d4I L\u00c0 CHUY\u00caN GIA V\u1ec0 MUA B\u00c1N &amp; S\u00c1P NH\u1eacP.<\/h4>\t\t<\/div>\n\t\t\t\t<\/div>\n\t\t\t\t<div class=\"elementor-element elementor-element-20611b9e elementor-widget elementor-widget-heading\" data-id=\"20611b9e\" data-element_type=\"widget\" data-widget_type=\"heading.default\">\n\t\t\t\t<div class=\"elementor-widget-container\">\n\t\t\t<h1 class=\"elementor-heading-title elementor-size-default\">CH\u00daNG T\u00d4I CUNG C\u1ea4P QUY TR\u00ccNH TR\u1eccN G\u00d3I T\u1eea L\u00daC B\u1eaeT \u0110\u1ea6U CHO \u0110\u1ebeN KHI K\u1ebeT TH\u00daC.<\/h1>\t\t<\/div>\n\t\t\t\t<\/div>\n\t\t\t\t<div class=\"elementor-element elementor-element-18d72743 elementor-widget elementor-widget-text-editor\" data-id=\"18d72743\" data-element_type=\"widget\" data-widget_type=\"text-editor.default\">\n\t\t\t\t<div class=\"elementor-widget-container\">\n\t\t\t\t\t\t\t<p>Cho d\u00f9 b\u1ea1n \u0111ang tham gia v\u00e0o qu\u00e1 tr\u00ecnh mua hay b\u00e1n, b\u1eb1ng b\u1ea5t k\u1ef3 c\u00e1ch ti\u1ebfp c\u1eadn n\u00e0o, th\u00ec mua b\u00e1n &amp; s\u00e1p nh\u1eadp (M&amp;A) l\u00e0 m\u1ed9t qu\u00e1 tr\u00ecnh ph\u1ee9c t\u1ea1p, \u0111\u00f2i h\u1ecfi m\u1ed9t \u0111\u1ed9i ng\u0169 chuy\u00ean gia chuy\u00ean nghi\u1ec7p v\u1edbi nhi\u1ec1u ki\u1ebfn th\u1ee9c chuy\u00ean m\u00f4n, ngu\u1ed3n l\u1ef1c d\u1ed3i d\u00e0o, v\u00e0 s\u1ef1 chu\u1ea9n b\u1ecb chu \u0111\u00e1o \u0111\u1ec3 th\u00e0nh c\u00f4ng. Ch\u00fang t\u00f4i ch\u00ednh l\u00e0 \u0111\u1ed9i ng\u0169 chuy\u00ean gia \u0111\u00f3, v\u1edbi s\u1ef1 th\u1ea5u hi\u1ec3u v\u00e0 may \u0111o t\u1ec9 m\u1ec9 cho b\u1ea1n, Vi\u1ec7t Nam, v\u00e0 Ch\u00e2u \u00c1.<\/p>\t\t\t\t\t\t<\/div>\n\t\t\t\t<\/div>\n\t\t\t\t<div class=\"elementor-element elementor-element-65e4a88b elementor-mobile-align-center elementor-widget elementor-widget-button\" data-id=\"65e4a88b\" data-element_type=\"widget\" data-widget_type=\"button.default\">\n\t\t\t\t<div class=\"elementor-widget-container\">\n\t\t\t\t\t<div class=\"elementor-button-wrapper\">\n\t\t\t<a class=\"elementor-button elementor-button-link elementor-size-xs\" href=\"#elementor-action%3Aaction%3Dpopup%3Aopen%26settings%3DeyJpZCI6IjU2MyIsInRvZ2dsZSI6ZmFsc2V9\">\n\t\t\t\t\t\t<span class=\"elementor-button-content-wrapper\">\n\t\t\t\t\t\t\t\t\t<span class=\"elementor-button-text\">H\u1eb9n v\u1edbi ch\u00fang t\u00f4i<\/span>\n\t\t\t\t\t<\/span>\n\t\t\t\t\t<\/a>\n\t\t<\/div>\n\t\t\t\t<\/div>\n\t\t\t\t<\/div>\n\t\t\t\t\t<\/div>\n\t\t<\/div>\n\t\t\t\t<div class=\"elementor-column elementor-col-50 elementor-top-column elementor-element elementor-element-12cfee7f\" data-id=\"12cfee7f\" data-element_type=\"column\">\n\t\t\t<div class=\"elementor-widget-wrap\">\n\t\t\t\t\t\t\t<\/div>\n\t\t<\/div>\n\t\t\t\t\t<\/div>\n\t\t<\/section>\n\t\t\t\t<section class=\"elementor-section elementor-top-section elementor-element elementor-element-f40e586 elementor-section-boxed elementor-section-height-default elementor-section-height-default\" data-id=\"f40e586\" data-element_type=\"section\">\n\t\t\t\t\t\t<div class=\"elementor-container elementor-column-gap-default\">\n\t\t\t\t\t<div class=\"elementor-column elementor-col-100 elementor-top-column elementor-element elementor-element-edc3d6a\" data-id=\"edc3d6a\" data-element_type=\"column\">\n\t\t\t<div class=\"elementor-widget-wrap elementor-element-populated\">\n\t\t\t\t\t\t<div class=\"elementor-element elementor-element-2c54a86 elementor-widget elementor-widget-text-editor\" data-id=\"2c54a86\" data-element_type=\"widget\" data-widget_type=\"text-editor.default\">\n\t\t\t\t<div class=\"elementor-widget-container\">\n\t\t\t\t\t\t\t<p>Mua b\u00e1n &amp; S\u00e1p nh\u1eadp (M&amp;A) l\u00e0 m\u1ed9t ph\u1ea7n r\u1ea5t quan tr\u1ecdng trong di s\u1ea3n doanh nghi\u1ec7p c\u1ee7a b\u1ea1n. M&amp;A l\u00e0 nh\u1eefng ho\u1ea1t \u0111\u1ed9ng h\u1ee3p nh\u1ea5t ho\u1eb7c ph\u00e2n t\u00e1ch c\u00e1c doanh nghi\u1ec7p ho\u1eb7c t\u00e0i s\u1ea3n th\u00f4ng qua c\u00e1c giao d\u1ecbch t\u00e0i ch\u00ednh nh\u01b0 s\u00e1p nh\u1eadp, mua l\u1ea1i, mua l\u1ea1i t\u00e0i s\u1ea3n, th\u00f4n t\u00ednh, v\u00e0 c\u00f2n nhi\u1ec1u h\u00ecnh th\u1ee9c kh\u00e1c n\u1eefa. Hi\u1ec3u m\u1ed9t c\u00e1ch \u0111\u01a1n gi\u1ea3n, n\u00f3 l\u00e0 h\u00ecnh th\u1ee9c mua l\u1ea1i (\u0111\u1ea7u t\u01b0) hay b\u00e1n \u0111i (tho\u00e1i v\u1ed1n) quy\u1ec1n s\u1edf h\u1eefu c\u1ed5 ph\u1ea7n ho\u1eb7c t\u00e0i s\u1ea3n c\u1ee7a doanh nghi\u1ec7p ho\u1eb7c d\u1ef1 \u00e1n.<\/p><p>V\u00ec t\u00ednh ch\u1ea5t \u0111\u1eb7c th\u00f9 ri\u00eang bi\u1ec7t c\u1ee7a M&amp;A, s\u1ed1 l\u01b0\u1ee3ng th\u01b0\u01a1ng v\u1ee5 m\u00e0 m\u1ed9t c\u00e1 nh\u00e2n c\u00f3 c\u01a1 h\u1ed9i \u0111\u1ec3 tham gia tr\u1ecdn v\u1eb9n t\u1eeb \u0111\u1ea7u \u0111\u1ebfn cu\u1ed1i trong s\u1ef1 nghi\u1ec7p c\u1ee7a h\u1ecd l\u00e0 r\u1ea5t h\u1ea1n ch\u1ebf. \u0110\u1ed1i v\u1edbi nhi\u1ec1u ch\u1ee7 doanh nghi\u1ec7p, M&amp;A c\u00f3 th\u1ec3 l\u00e0 th\u01b0\u01a1ng v\u1ee5 l\u1edbn nh\u1ea5t v\u00e0 duy nh\u1ea5t trong \u0111\u1eddi. \u0110\u1ed1i v\u1edbi nhi\u1ec1u nh\u00e2n s\u1ef1 \u0111i\u1ec1u h\u00e0nh c\u1ea5p cao, d\u1eabn d\u1eaft v\u00e0 ho\u00e0n thi\u1ec7n m\u1ed9t th\u01b0\u01a1ng v\u1ee5 M&amp;A l\u00e0 \u0111i\u1ec3m s\u00e1ng trong s\u1ef1 nghi\u1ec7p c\u1ee7a h\u1ecd. Do v\u1eady, \u0111\u00f3 l\u00e0 nh\u1eefng d\u1ef1 \u00e1n kh\u00f3 kh\u0103n c\u0169ng nh\u01b0 th\u1eed th\u00e1ch cho c\u00e1c ch\u1ee7 doanh nghi\u1ec7p v\u00e0 nh\u00e2n s\u1ef1 \u0111i\u1ec1u h\u00e0nh c\u1ea5p cao.<\/p><p>Ch\u00fang t\u00f4i c\u00f3 kinh nghi\u1ec7m chuy\u00ean s\u00e2u v\u1ec1 t\u01b0 v\u1ea5n v\u00e0 \u0111\u00f3ng vai tr\u00f2 l\u00e0 nh\u00e0 t\u01b0 v\u1ea5n ch\u00ednh cho c\u1ea3 b\u00ean mua v\u00e0 b\u00ean b\u00e1n trong c\u00e1c th\u01b0\u01a1ng v\u1ee5 xuy\u00ean ng\u00e0nh v\u00e0 xuy\u00ean qu\u1ed1c gia. Ch\u00fang t\u00f4i cung c\u1ea5p m\u1ed9t quy tr\u00ecnh tr\u1ecdn g\u00f3i t\u1eeb khi b\u1eaft \u0111\u1ea7u \u0111\u1ebfn l\u00fac ho\u00e0n th\u00e0nh cho c\u00e1c th\u01b0\u01a1ng v\u1ee5 s\u00e1p nh\u1eadp, mua l\u1ea1i, chuy\u1ec3n nh\u01b0\u1ee3ng, mua l\u1ea1i b\u1eb1ng n\u1ee3 vay (LBO),  t\u1ef1 v\u1ec7. Ch\u00fang t\u00f4i c\u0169ng cung c\u1ea5p c\u00e1c d\u1ecbch v\u1ee5 \u0111\u1ed9c l\u1eadp li\u00ean quan nh\u01b0 \u0111\u1ecbnh gi\u00e1, \u0111\u00e1nh gi\u00e1 m\u1ee9c \u0111\u1ed9 s\u1eb5n s\u00e0ng, \u0111\u00e0m ph\u00e1n, v\u00e0 qu\u1ea3n l\u00fd quan h\u1ec7 c\u1ed5 \u0111\u00f4ng.<\/p><p>Xem n\u0103ng l\u1ef1c v\u00e0 kinh nghi\u1ec7m c\u1ee7a ch\u00fang t\u00f4i t\u1ea1i<a href=\"https:\/\/asart.com.vn\/vi\/capability\/\"> <span style=\"text-decoration: underline;\"><strong>\u0111\u00e2y<\/strong><\/span>.<\/a><\/p>\t\t\t\t\t\t<\/div>\n\t\t\t\t<\/div>\n\t\t\t\t\t<\/div>\n\t\t<\/div>\n\t\t\t\t\t<\/div>\n\t\t<\/section>\n\t\t\t\t<\/div>","protected":false},"excerpt":{"rendered":"<p>WE ARE EXPERTS IN MERGERS &#038; ACQUISITIONS. WE OFFER A ONE-STOP-SHOP PROCESS FROM START TO FINISH. Whether you are buying or selling, under whichever approach, most often M&amp;A is a sophisticated process that requires a professional team of experts with a wide range of expertise, adequate resources, and preparation to succeed. We are that team [&hellip;]<\/p>\n","protected":false},"author":1,"featured_media":0,"parent":0,"menu_order":0,"comment_status":"closed","ping_status":"closed","template":"elementor_header_footer","meta":{"footnotes":""},"class_list":["post-100","page","type-page","status-publish","hentry"],"_links":{"self":[{"href":"https:\/\/asart.com.vn\/vi\/wp-json\/wp\/v2\/pages\/100","targetHints":{"allow":["GET"]}}],"collection":[{"href":"https:\/\/asart.com.vn\/vi\/wp-json\/wp\/v2\/pages"}],"about":[{"href":"https:\/\/asart.com.vn\/vi\/wp-json\/wp\/v2\/types\/page"}],"author":[{"embeddable":true,"href":"https:\/\/asart.com.vn\/vi\/wp-json\/wp\/v2\/users\/1"}],"replies":[{"embeddable":true,"href":"https:\/\/asart.com.vn\/vi\/wp-json\/wp\/v2\/comments?post=100"}],"version-history":[{"count":505,"href":"https:\/\/asart.com.vn\/vi\/wp-json\/wp\/v2\/pages\/100\/revisions"}],"predecessor-version":[{"id":5850,"href":"https:\/\/asart.com.vn\/vi\/wp-json\/wp\/v2\/pages\/100\/revisions\/5850"}],"wp:attachment":[{"href":"https:\/\/asart.com.vn\/vi\/wp-json\/wp\/v2\/media?parent=100"}],"curies":[{"name":"wp","href":"https:\/\/api.w.org\/{rel}","templated":true}]}}